{"id":8005,"date":"2023-08-02T13:47:19","date_gmt":"2023-08-02T11:47:19","guid":{"rendered":"https:\/\/alness.expertmedia.be\/about-us-copy-2\/"},"modified":"2023-08-02T15:03:48","modified_gmt":"2023-08-02T13:03:48","slug":"about-us-copy-2","status":"publish","type":"page","link":"https:\/\/alness.expertmedia.be\/fr\/about-us-copy-2\/","title":{"rendered":"Ibiza"},"content":{"rendered":"<div data-elementor-type=\"wp-page\" data-elementor-id=\"8005\" class=\"elementor elementor-8005\" data-elementor-post-type=\"page\">\n\t\t\t\t\t\t<section class=\"elementor-section elementor-top-section elementor-element elementor-element-02891bc elementor-section-stretched elementor-section-boxed elementor-section-height-default elementor-section-height-default\" data-id=\"02891bc\" data-element_type=\"section\" data-e-type=\"section\" data-settings=\"{&quot;stretch_section&quot;:&quot;section-stretched&quot;,&quot;jet_parallax_layout_list&quot;:[]}\">\n\t\t\t\t\t\t<div class=\"elementor-container elementor-column-gap-no\">\n\t\t\t\t\t<div class=\"elementor-column elementor-col-100 elementor-top-column elementor-element elementor-element-d3674d5\" data-id=\"d3674d5\" data-element_type=\"column\" data-e-type=\"column\">\n\t\t\t<div class=\"elementor-widget-wrap elementor-element-populated\">\n\t\t\t\t<div class=\"elementor-element elementor-element-1b6f12f e-con-full e-flex e-con e-parent\" data-id=\"1b6f12f\" data-element_type=\"container\" data-e-type=\"container\" data-settings=\"{&quot;jet_parallax_layout_list&quot;:[]}\">\n\t\t<div class=\"elementor-element elementor-element-1689473 e-con-full e-flex e-con e-child\" data-id=\"1689473\" data-element_type=\"container\" data-e-type=\"container\" data-settings=\"{&quot;jet_parallax_layout_list&quot;:[]}\">\n\t\t\t\t<div class=\"elementor-element elementor-element-fc73bdc animated-fast elementor-invisible elementor-widget elementor-widget-heading\" data-id=\"fc73bdc\" data-element_type=\"widget\" data-e-type=\"widget\" data-settings=\"{&quot;_animation&quot;:&quot;opal-move-up&quot;}\" data-widget_type=\"heading.default\">\n\t\t\t\t<div class=\"elementor-widget-container\">\n\t\t\t\t\t<h2 class=\"elementor-heading-title elementor-size-default\">D\u00e9couvrez de superbes biens immobiliers dans l'enchanteresse Ibiza !<\/h2>\t\t\t\t<\/div>\n\t\t\t\t<\/div>\n\t\t\t\t<div class=\"elementor-element elementor-element-41d8b49 animated-fast elementor-invisible elementor-widget elementor-widget-text-editor\" data-id=\"41d8b49\" data-element_type=\"widget\" data-e-type=\"widget\" data-settings=\"{&quot;_animation&quot;:&quot;opal-move-up&quot;}\" data-widget_type=\"text-editor.default\">\n\t\t\t\t<div class=\"elementor-widget-container\">\n\t\t\t\t\t\t\t\t\t<p>Bienvenue dans l'enchanteresse Ibiza, o\u00f9 moi, Vanessa, en tant qu'experte immobili\u00e8re d\u00e9vou\u00e9e, je serais ravie de vous emmener dans un voyage inoubliable \u00e0 la recherche de la propri\u00e9t\u00e9 id\u00e9ale. Qu'il s'agisse d'une villa opulente avec une vue \u00e0 couper le souffle sur la M\u00e9diterran\u00e9e, d'un appartement confortable sur la plage o\u00f9 vous pourrez vous d\u00e9tendre au son apaisant des vagues, ou d'une charmante maison de campagne au milieu d'une nature luxuriante - je suis l\u00e0 pour vous guider \u00e0 travers chaque \u00e9tape du processus, afin que vous puissiez faire de votre propre coin de paradis \u00e0 Ibiza une r\u00e9alit\u00e9 avec confiance et joie. Partons ensemble \u00e0 la d\u00e9couverte des merveilleuses possibilit\u00e9s qu'offre le march\u00e9 de l'immobilier sur cette \u00eele magique. La maison de vos r\u00eaves vous attend, et j'ai h\u00e2te de vous aider \u00e0 la trouver !<\/p>\t\t\t\t\t\t\t\t<\/div>\n\t\t\t\t<\/div>\n\t\t\t\t<\/div>\n\t\t<div class=\"elementor-element elementor-element-eb3bcd7 e-con-full e-flex e-con e-child\" data-id=\"eb3bcd7\" data-element_type=\"container\" data-e-type=\"container\" data-settings=\"{&quot;background_background&quot;:&quot;classic&quot;,&quot;jet_parallax_layout_list&quot;:[]}\">\n\t\t\t\t<\/div>\n\t\t\t\t<\/div>\n\t\t\t\t\t<\/div>\n\t\t<\/div>\n\t\t\t\t\t<\/div>\n\t\t<\/section>\n\t\t\t\t<section class=\"elementor-section elementor-top-section elementor-element elementor-element-3ad8761 elementor-section-stretched elementor-section-boxed elementor-section-height-default elementor-section-height-default\" data-id=\"3ad8761\" data-element_type=\"section\" data-e-type=\"section\" data-settings=\"{&quot;stretch_section&quot;:&quot;section-stretched&quot;,&quot;jet_parallax_layout_list&quot;:[]}\">\n\t\t\t\t\t\t<div class=\"elementor-container elementor-column-gap-no\">\n\t\t\t\t\t<div class=\"elementor-column elementor-col-33 elementor-top-column elementor-element elementor-element-532a539 animated-fast elementor-invisible\" data-id=\"532a539\" data-element_type=\"column\" data-e-type=\"column\" data-settings=\"{&quot;animation&quot;:&quot;opal-move-up&quot;}\">\n\t\t\t<div class=\"elementor-widget-wrap elementor-element-populated\">\n\t\t\t\t\t\t<div class=\"elementor-element elementor-element-71b3ae3 elementor-widget elementor-widget-image\" data-id=\"71b3ae3\" data-element_type=\"widget\" data-e-type=\"widget\" data-widget_type=\"image.default\">\n\t\t\t\t<div class=\"elementor-widget-container\">\n\t\t\t\t\t\t\t\t\t\t\t\t\t\t\t<img decoding=\"async\" src=\"https:\/\/alness.expertmedia.be\/wp-content\/uploads\/elementor\/thumbs\/belinda-fewings-EHPq7LxwFog-unsplash-scaled-rd9dc9xnru4l99wtegw4kr8c0rvnkq47gj18ypgplo.jpg\" title=\"Belinda Fewings EHPq7LxwFog Unsplash\" alt=\"Belinda Fewings EHPq7LxwFog Unsplash\" class=\"elementor-animation-float\" loading=\"lazy\" \/>\t\t\t\t\t\t\t\t\t\t\t\t\t\t\t<\/div>\n\t\t\t\t<\/div>\n\t\t\t\t\t<\/div>\n\t\t<\/div>\n\t\t\t\t<div class=\"elementor-column elementor-col-33 elementor-top-column elementor-element elementor-element-1294364 animated-fast elementor-invisible\" data-id=\"1294364\" data-element_type=\"column\" data-e-type=\"column\" data-settings=\"{&quot;animation&quot;:&quot;opal-move-up&quot;,&quot;animation_delay&quot;:100}\">\n\t\t\t<div class=\"elementor-widget-wrap elementor-element-populated\">\n\t\t\t\t\t\t<div class=\"elementor-element elementor-element-ad06e6f elementor-widget elementor-widget-image\" data-id=\"ad06e6f\" data-element_type=\"widget\" data-e-type=\"widget\" data-widget_type=\"image.default\">\n\t\t\t\t<div class=\"elementor-widget-container\">\n\t\t\t\t\t\t\t\t\t\t\t\t\t\t\t<img decoding=\"async\" src=\"https:\/\/alness.expertmedia.be\/wp-content\/uploads\/elementor\/thumbs\/vladyslav-cherkasenko-xGZ_9BUsOVY-unsplash-scaled-rd9dbwrx45mkqqfxjb7clujvpdoikynyqpwg8u080s.jpg\" title=\"Vladyslav Cherkasenko XGZ 9BUsOVY Unsplash\" alt=\"Vladyslav Cherkasenko XGZ 9BUsOVY Unsplash\" class=\"elementor-animation-float\" loading=\"lazy\" \/>\t\t\t\t\t\t\t\t\t\t\t\t\t\t\t<\/div>\n\t\t\t\t<\/div>\n\t\t\t\t\t<\/div>\n\t\t<\/div>\n\t\t\t\t<div class=\"elementor-column elementor-col-33 elementor-top-column elementor-element elementor-element-ac89500 animated-fast elementor-invisible\" data-id=\"ac89500\" data-element_type=\"column\" data-e-type=\"column\" data-settings=\"{&quot;animation&quot;:&quot;opal-move-up&quot;,&quot;animation_delay&quot;:200}\">\n\t\t\t<div class=\"elementor-widget-wrap elementor-element-populated\">\n\t\t\t\t\t\t<div class=\"elementor-element elementor-element-f27d8b8 elementor-widget elementor-widget-image\" data-id=\"f27d8b8\" data-element_type=\"widget\" data-e-type=\"widget\" data-widget_type=\"image.default\">\n\t\t\t\t<div class=\"elementor-widget-container\">\n\t\t\t\t\t\t\t\t\t\t\t\t\t\t\t<img decoding=\"async\" src=\"https:\/\/alness.expertmedia.be\/wp-content\/uploads\/elementor\/thumbs\/monique-zImMn5pyLXc-unsplash-scaled-rd9db2p31ghef7nmey7ae254p1srqncjyl0wvz8tjw.jpg\" title=\"Monique ZImMn5pyLXc Unsplash\" alt=\"Monique ZImMn5pyLXc Unsplash\" class=\"elementor-animation-float\" loading=\"lazy\" \/>\t\t\t\t\t\t\t\t\t\t\t\t\t\t\t<\/div>\n\t\t\t\t<\/div>\n\t\t\t\t\t<\/div>\n\t\t<\/div>\n\t\t\t\t\t<\/div>\n\t\t<\/section>\n\t\t\t\t<section class=\"elementor-section elementor-top-section elementor-element elementor-element-7cc9610 elementor-section-stretched elementor-section-boxed elementor-section-height-default elementor-section-height-default\" data-id=\"7cc9610\" data-element_type=\"section\" data-e-type=\"section\" data-settings=\"{&quot;stretch_section&quot;:&quot;section-stretched&quot;,&quot;background_background&quot;:&quot;classic&quot;,&quot;jet_parallax_layout_list&quot;:[]}\">\n\t\t\t\t\t\t\t<div class=\"elementor-background-overlay\"><\/div>\n\t\t\t\t\t\t\t<div class=\"elementor-container elementor-column-gap-no\">\n\t\t\t\t\t<div class=\"elementor-column elementor-col-50 elementor-top-column elementor-element elementor-element-315e710 animated-fast elementor-invisible\" data-id=\"315e710\" data-element_type=\"column\" data-e-type=\"column\" data-settings=\"{&quot;background_background&quot;:&quot;classic&quot;,&quot;animation&quot;:&quot;opal-move-up&quot;}\">\n\t\t\t<div class=\"elementor-widget-wrap elementor-element-populated\">\n\t\t\t\t\t\t<div class=\"elementor-element elementor-element-06336e5 elementor-position-inline-start elementor-view-default elementor-mobile-position-block-start elementor-widget elementor-widget-icon-box\" data-id=\"06336e5\" data-element_type=\"widget\" data-e-type=\"widget\" data-widget_type=\"icon-box.default\">\n\t\t\t\t<div class=\"elementor-widget-container\">\n\t\t\t\t\t\t\t<div class=\"elementor-icon-box-wrapper\">\n\n\t\t\t\t\t\t<div class=\"elementor-icon-box-icon\">\n\t\t\t\t<a href=\"\/fr\/portfolio\/\" class=\"elementor-icon\" tabindex=\"-1\" aria-label=\"D\u00e9couvrez tous les biens\">\n\t\t\t\t<i class=\"opal-icon- opal-icon-city opal-custom\" aria-hidden=\"true\"><\/i>\t\t\t\t<\/a>\n\t\t\t<\/div>\n\t\t\t\n\t\t\t\t\t\t<div class=\"elementor-icon-box-content\">\n\n\t\t\t\t\t\t\t\t\t<h3 class=\"elementor-icon-box-title\">\n\t\t\t\t\t\t<a href=\"\/fr\/portfolio\/\" >\n\t\t\t\t\t\t\tD\u00e9couvrez tous les biens\t\t\t\t\t\t<\/a>\n\t\t\t\t\t<\/h3>\n\t\t\t\t\n\t\t\t\t\t\t\t\t\t<p class=\"elementor-icon-box-description\">\n\t\t\t\t\t\tD\u00e9couvrez toutes les belles propri\u00e9t\u00e9s qu'offre Ibiza et trouvez votre coin de paradis id\u00e9al sur cette \u00eele enchanteresse !\t\t\t\t\t<\/p>\n\t\t\t\t\n\t\t\t<\/div>\n\t\t\t\n\t\t<\/div>\n\t\t\t\t\t\t<\/div>\n\t\t\t\t<\/div>\n\t\t\t\t<div class=\"elementor-element elementor-element-f4eca34 elementor-button-underline elementor-mobile-align-center elementor-widget elementor-widget-button\" data-id=\"f4eca34\" data-element_type=\"widget\" data-e-type=\"widget\" data-widget_type=\"button.default\">\n\t\t\t\t<div class=\"elementor-widget-container\">\n\t\t\t\t\t\t\t\t\t<div class=\"elementor-button-wrapper\">\n\t\t\t\t\t<a class=\"elementor-button elementor-button-link elementor-size-sm\" href=\"\/fr\/portfolio\/\">\n\t\t\t\t\t\t<span class=\"elementor-button-content-wrapper\">\n\t\t\t\t\t\t\t\t\t<span class=\"elementor-button-text\">D\u00e9couvrir<\/span>\n\t\t\t\t\t<\/span>\n\t\t\t\t\t<\/a>\n\t\t\t\t<\/div>\n\t\t\t\t\t\t\t\t<\/div>\n\t\t\t\t<\/div>\n\t\t\t\t\t<\/div>\n\t\t<\/div>\n\t\t\t\t<div class=\"elementor-column elementor-col-50 elementor-top-column elementor-element elementor-element-e557182 animated-fast elementor-invisible\" data-id=\"e557182\" data-element_type=\"column\" data-e-type=\"column\" id=\"wit\" data-settings=\"{&quot;background_background&quot;:&quot;classic&quot;,&quot;animation&quot;:&quot;opal-move-up&quot;,&quot;animation_delay&quot;:100}\">\n\t\t\t<div class=\"elementor-widget-wrap elementor-element-populated\">\n\t\t\t\t\t\t<div class=\"elementor-element elementor-element-d8bee17 elementor-position-inline-start elementor-view-default elementor-mobile-position-block-start elementor-widget elementor-widget-icon-box\" data-id=\"d8bee17\" data-element_type=\"widget\" data-e-type=\"widget\" data-widget_type=\"icon-box.default\">\n\t\t\t\t<div class=\"elementor-widget-container\">\n\t\t\t\t\t\t\t<div class=\"elementor-icon-box-wrapper\">\n\n\t\t\t\t\t\t<div class=\"elementor-icon-box-icon\">\n\t\t\t\t<a href=\"\/fr\/portfolio\/\" class=\"elementor-icon\" tabindex=\"-1\" aria-label=\"Investir intelligemment\">\n\t\t\t\t<i class=\"opal-icon- opal-icon-bullseye-pointer opal-custom\" aria-hidden=\"true\"><\/i>\t\t\t\t<\/a>\n\t\t\t<\/div>\n\t\t\t\n\t\t\t\t\t\t<div class=\"elementor-icon-box-content\">\n\n\t\t\t\t\t\t\t\t\t<h3 class=\"elementor-icon-box-title\">\n\t\t\t\t\t\t<a href=\"\/fr\/portfolio\/\" >\n\t\t\t\t\t\t\tInvestir intelligemment\t\t\t\t\t\t<\/a>\n\t\t\t\t\t<\/h3>\n\t\t\t\t\n\t\t\t\t\t\t\t\t\t<p class=\"elementor-icon-box-description\">\n\t\t\t\t\t\tD\u00e9couvrez les opportunit\u00e9s d'investissement florissantes \u00e0 Ibiza et faites le premier pas vers un avenir rentable dans l'immobilier d\u00e8s aujourd'hui !\t\t\t\t\t<\/p>\n\t\t\t\t\n\t\t\t<\/div>\n\t\t\t\n\t\t<\/div>\n\t\t\t\t\t\t<\/div>\n\t\t\t\t<\/div>\n\t\t\t\t<div class=\"elementor-element elementor-element-b8d498d elementor-button-underline elementor-mobile-align-center elementor-widget elementor-widget-button\" data-id=\"b8d498d\" data-element_type=\"widget\" data-e-type=\"widget\" data-widget_type=\"button.default\">\n\t\t\t\t<div class=\"elementor-widget-container\">\n\t\t\t\t\t\t\t\t\t<div class=\"elementor-button-wrapper\">\n\t\t\t\t\t<a class=\"elementor-button elementor-button-link elementor-size-sm\" href=\"\/fr\/portfolio\/\">\n\t\t\t\t\t\t<span class=\"elementor-button-content-wrapper\">\n\t\t\t\t\t\t\t\t\t<span class=\"elementor-button-text\">D\u00e9couvrir<\/span>\n\t\t\t\t\t<\/span>\n\t\t\t\t\t<\/a>\n\t\t\t\t<\/div>\n\t\t\t\t\t\t\t\t<\/div>\n\t\t\t\t<\/div>\n\t\t\t\t\t<\/div>\n\t\t<\/div>\n\t\t\t\t\t<\/div>\n\t\t<\/section>\n\t\t\t\t<\/div>","protected":false},"excerpt":{"rendered":"<p>Ontdek prachtig vastgoed op het betoverende Ibiza! Welkom op het betoverende Ibiza, waar ik, Vanessa, als jouw toegewijde vastgoedexpert, je graag meeneem op een onvergetelijke reis om jouw perfecte woning te vinden. Of het nu gaat om een weelderige villa met een adembenemend uitzicht op de azuurblauwe Middellandse Zee, een gezellig strandappartement waar je kunt &hellip; <\/p>\n<p class=\"link-more\"><a href=\"https:\/\/alness.expertmedia.be\/fr\/about-us-copy-2\/\" class=\"more-link\">Lire la suite <span class=\"screen-reader-text\"> &#8220;Ibiza&#8221;<\/span><\/a><\/p>","protected":false},"author":2,"featured_media":0,"parent":0,"menu_order":17,"comment_status":"closed","ping_status":"closed","template":"page-elementor.php","meta":{"footnotes":""},"class_list":["post-8005","page","type-page","status-publish","hentry"],"yoast_head":"<!-- This site is optimized with the Yoast SEO Premium plugin v26.9 (Yoast SEO v26.9) - https:\/\/yoast.com\/product\/yoast-seo-premium-wordpress\/ -->\n<title>Leer Alness Vastgoed Kennen: Uw Partner in Spaans Vastgoed<\/title>\n<meta name=\"description\" content=\"Ontdek de geschiedenis en waarden van Alness Vastgoed, uw betrouwbare partner voor het kopen van een pand in Spanje. Leer meer over onze toewijding aan uitmuntendheid en klanttevredenheid.\" \/>\n<meta name=\"robots\" content=\"index, follow, max-snippet:-1, max-image-preview:large, max-video-preview:-1\" \/>\n<link rel=\"canonical\" href=\"https:\/\/alness.expertmedia.be\/fr\/about-us-copy-2\/\" \/>\n<meta property=\"og:locale\" content=\"fr_FR\" \/>\n<meta property=\"og:type\" content=\"article\" \/>\n<meta property=\"og:title\" content=\"Ibiza\" \/>\n<meta property=\"og:description\" content=\"Ontdek de geschiedenis en waarden van Alness Vastgoed, uw betrouwbare partner voor het kopen van een pand in Spanje. Leer meer over onze toewijding aan uitmuntendheid en klanttevredenheid.\" \/>\n<meta property=\"og:url\" content=\"https:\/\/alness.expertmedia.be\/fr\/about-us-copy-2\/\" \/>\n<meta property=\"og:site_name\" content=\"Alness\" \/>\n<meta property=\"article:modified_time\" content=\"2023-08-02T13:03:48+00:00\" \/>\n<meta property=\"og:image\" content=\"https:\/\/alness.expertmedia.be\/wp-content\/uploads\/elementor\/thumbs\/belinda-fewings-EHPq7LxwFog-unsplash-scaled-qabjui5ty1p6trxsrxduu92fw7otixp34ftm0abkik.jpg\" \/>\n<meta name=\"twitter:card\" content=\"summary_large_image\" \/>\n<meta name=\"twitter:label1\" content=\"Dur\u00e9e de lecture estim\u00e9e\" \/>\n\t<meta name=\"twitter:data1\" content=\"2 minutes\" \/>\n<script type=\"application\/ld+json\" class=\"yoast-schema-graph\">{\"@context\":\"https:\/\/schema.org\",\"@graph\":[{\"@type\":\"WebPage\",\"@id\":\"https:\/\/alness.expertmedia.be\/about-us-copy-2\/\",\"url\":\"https:\/\/alness.expertmedia.be\/about-us-copy-2\/\",\"name\":\"Leer Alness Vastgoed Kennen: Uw Partner in Spaans Vastgoed\",\"isPartOf\":{\"@id\":\"https:\/\/alness.expertmedia.be\/#website\"},\"primaryImageOfPage\":{\"@id\":\"https:\/\/alness.expertmedia.be\/about-us-copy-2\/#primaryimage\"},\"image\":{\"@id\":\"https:\/\/alness.expertmedia.be\/about-us-copy-2\/#primaryimage\"},\"thumbnailUrl\":\"https:\/\/alness.expertmedia.be\/wp-content\/uploads\/elementor\/thumbs\/belinda-fewings-EHPq7LxwFog-unsplash-scaled-qabjui5ty1p6trxsrxduu92fw7otixp34ftm0abkik.jpg\",\"datePublished\":\"2023-08-02T11:47:19+00:00\",\"dateModified\":\"2023-08-02T13:03:48+00:00\",\"description\":\"Ontdek de geschiedenis en waarden van Alness Vastgoed, uw betrouwbare partner voor het kopen van een pand in Spanje. Leer meer over onze toewijding aan uitmuntendheid en klanttevredenheid.\",\"breadcrumb\":{\"@id\":\"https:\/\/alness.expertmedia.be\/about-us-copy-2\/#breadcrumb\"},\"inLanguage\":\"fr-FR\",\"potentialAction\":[{\"@type\":\"ReadAction\",\"target\":[\"https:\/\/alness.expertmedia.be\/about-us-copy-2\/\"]}]},{\"@type\":\"ImageObject\",\"inLanguage\":\"fr-FR\",\"@id\":\"https:\/\/alness.expertmedia.be\/about-us-copy-2\/#primaryimage\",\"url\":\"https:\/\/alness.expertmedia.be\/wp-content\/uploads\/elementor\/thumbs\/belinda-fewings-EHPq7LxwFog-unsplash-scaled-qabjui5ty1p6trxsrxduu92fw7otixp34ftm0abkik.jpg\",\"contentUrl\":\"https:\/\/alness.expertmedia.be\/wp-content\/uploads\/elementor\/thumbs\/belinda-fewings-EHPq7LxwFog-unsplash-scaled-qabjui5ty1p6trxsrxduu92fw7otixp34ftm0abkik.jpg\"},{\"@type\":\"BreadcrumbList\",\"@id\":\"https:\/\/alness.expertmedia.be\/about-us-copy-2\/#breadcrumb\",\"itemListElement\":[{\"@type\":\"ListItem\",\"position\":1,\"name\":\"Home\",\"item\":\"https:\/\/alness.expertmedia.be\/\"},{\"@type\":\"ListItem\",\"position\":2,\"name\":\"Ibiza\"}]},{\"@type\":\"WebSite\",\"@id\":\"https:\/\/alness.expertmedia.be\/#website\",\"url\":\"https:\/\/alness.expertmedia.be\/\",\"name\":\"Alness\",\"description\":\"Luxury Real Estate\",\"publisher\":{\"@id\":\"https:\/\/alness.expertmedia.be\/#organization\"},\"potentialAction\":[{\"@type\":\"SearchAction\",\"target\":{\"@type\":\"EntryPoint\",\"urlTemplate\":\"https:\/\/alness.expertmedia.be\/?s={search_term_string}\"},\"query-input\":{\"@type\":\"PropertyValueSpecification\",\"valueRequired\":true,\"valueName\":\"search_term_string\"}}],\"inLanguage\":\"fr-FR\"},{\"@type\":\"Organization\",\"@id\":\"https:\/\/alness.expertmedia.be\/#organization\",\"name\":\"Alness\",\"url\":\"https:\/\/alness.expertmedia.be\/\",\"logo\":{\"@type\":\"ImageObject\",\"inLanguage\":\"fr-FR\",\"@id\":\"https:\/\/alness.expertmedia.be\/#\/schema\/logo\/image\/\",\"url\":\"https:\/\/alness.expertmedia.be\/wp-content\/uploads\/2023\/07\/cropped-favicon.png\",\"contentUrl\":\"https:\/\/alness.expertmedia.be\/wp-content\/uploads\/2023\/07\/cropped-favicon.png\",\"width\":1018,\"height\":1018,\"caption\":\"Alness\"},\"image\":{\"@id\":\"https:\/\/alness.expertmedia.be\/#\/schema\/logo\/image\/\"}}]}<\/script>\n<!-- \/ Yoast SEO Premium plugin. -->","yoast_head_json":{"title":"Leer Alness Vastgoed Kennen: Uw Partner in Spaans Vastgoed","description":"Ontdek de geschiedenis en waarden van Alness Vastgoed, uw betrouwbare partner voor het kopen van een pand in Spanje. Leer meer over onze toewijding aan uitmuntendheid en klanttevredenheid.","robots":{"index":"index","follow":"follow","max-snippet":"max-snippet:-1","max-image-preview":"max-image-preview:large","max-video-preview":"max-video-preview:-1"},"canonical":"https:\/\/alness.expertmedia.be\/fr\/about-us-copy-2\/","og_locale":"fr_FR","og_type":"article","og_title":"Ibiza","og_description":"Ontdek de geschiedenis en waarden van Alness Vastgoed, uw betrouwbare partner voor het kopen van een pand in Spanje. Leer meer over onze toewijding aan uitmuntendheid en klanttevredenheid.","og_url":"https:\/\/alness.expertmedia.be\/fr\/about-us-copy-2\/","og_site_name":"Alness","article_modified_time":"2023-08-02T13:03:48+00:00","og_image":[{"url":"https:\/\/alness.expertmedia.be\/wp-content\/uploads\/elementor\/thumbs\/belinda-fewings-EHPq7LxwFog-unsplash-scaled-qabjui5ty1p6trxsrxduu92fw7otixp34ftm0abkik.jpg","type":"","width":"","height":""}],"twitter_card":"summary_large_image","twitter_misc":{"Dur\u00e9e de lecture estim\u00e9e":"2 minutes"},"schema":{"@context":"https:\/\/schema.org","@graph":[{"@type":"WebPage","@id":"https:\/\/alness.expertmedia.be\/about-us-copy-2\/","url":"https:\/\/alness.expertmedia.be\/about-us-copy-2\/","name":"Leer Alness Vastgoed Kennen: Uw Partner in Spaans Vastgoed","isPartOf":{"@id":"https:\/\/alness.expertmedia.be\/#website"},"primaryImageOfPage":{"@id":"https:\/\/alness.expertmedia.be\/about-us-copy-2\/#primaryimage"},"image":{"@id":"https:\/\/alness.expertmedia.be\/about-us-copy-2\/#primaryimage"},"thumbnailUrl":"https:\/\/alness.expertmedia.be\/wp-content\/uploads\/elementor\/thumbs\/belinda-fewings-EHPq7LxwFog-unsplash-scaled-qabjui5ty1p6trxsrxduu92fw7otixp34ftm0abkik.jpg","datePublished":"2023-08-02T11:47:19+00:00","dateModified":"2023-08-02T13:03:48+00:00","description":"Ontdek de geschiedenis en waarden van Alness Vastgoed, uw betrouwbare partner voor het kopen van een pand in Spanje. Leer meer over onze toewijding aan uitmuntendheid en klanttevredenheid.","breadcrumb":{"@id":"https:\/\/alness.expertmedia.be\/about-us-copy-2\/#breadcrumb"},"inLanguage":"fr-FR","potentialAction":[{"@type":"ReadAction","target":["https:\/\/alness.expertmedia.be\/about-us-copy-2\/"]}]},{"@type":"ImageObject","inLanguage":"fr-FR","@id":"https:\/\/alness.expertmedia.be\/about-us-copy-2\/#primaryimage","url":"https:\/\/alness.expertmedia.be\/wp-content\/uploads\/elementor\/thumbs\/belinda-fewings-EHPq7LxwFog-unsplash-scaled-qabjui5ty1p6trxsrxduu92fw7otixp34ftm0abkik.jpg","contentUrl":"https:\/\/alness.expertmedia.be\/wp-content\/uploads\/elementor\/thumbs\/belinda-fewings-EHPq7LxwFog-unsplash-scaled-qabjui5ty1p6trxsrxduu92fw7otixp34ftm0abkik.jpg"},{"@type":"BreadcrumbList","@id":"https:\/\/alness.expertmedia.be\/about-us-copy-2\/#breadcrumb","itemListElement":[{"@type":"ListItem","position":1,"name":"Home","item":"https:\/\/alness.expertmedia.be\/"},{"@type":"ListItem","position":2,"name":"Ibiza"}]},{"@type":"WebSite","@id":"https:\/\/alness.expertmedia.be\/#website","url":"https:\/\/alness.expertmedia.be\/","name":"Alness","description":"Immobilier de luxe","publisher":{"@id":"https:\/\/alness.expertmedia.be\/#organization"},"potentialAction":[{"@type":"SearchAction","target":{"@type":"EntryPoint","urlTemplate":"https:\/\/alness.expertmedia.be\/?s={search_term_string}"},"query-input":{"@type":"PropertyValueSpecification","valueRequired":true,"valueName":"search_term_string"}}],"inLanguage":"fr-FR"},{"@type":"Organization","@id":"https:\/\/alness.expertmedia.be\/#organization","name":"Alness","url":"https:\/\/alness.expertmedia.be\/","logo":{"@type":"ImageObject","inLanguage":"fr-FR","@id":"https:\/\/alness.expertmedia.be\/#\/schema\/logo\/image\/","url":"https:\/\/alness.expertmedia.be\/wp-content\/uploads\/2023\/07\/cropped-favicon.png","contentUrl":"https:\/\/alness.expertmedia.be\/wp-content\/uploads\/2023\/07\/cropped-favicon.png","width":1018,"height":1018,"caption":"Alness"},"image":{"@id":"https:\/\/alness.expertmedia.be\/#\/schema\/logo\/image\/"}}]}},"_links":{"self":[{"href":"https:\/\/alness.expertmedia.be\/fr\/wp-json\/wp\/v2\/pages\/8005","targetHints":{"allow":["GET"]}}],"collection":[{"href":"https:\/\/alness.expertmedia.be\/fr\/wp-json\/wp\/v2\/pages"}],"about":[{"href":"https:\/\/alness.expertmedia.be\/fr\/wp-json\/wp\/v2\/types\/page"}],"author":[{"embeddable":true,"href":"https:\/\/alness.expertmedia.be\/fr\/wp-json\/wp\/v2\/users\/2"}],"replies":[{"embeddable":true,"href":"https:\/\/alness.expertmedia.be\/fr\/wp-json\/wp\/v2\/comments?post=8005"}],"version-history":[{"count":0,"href":"https:\/\/alness.expertmedia.be\/fr\/wp-json\/wp\/v2\/pages\/8005\/revisions"}],"wp:attachment":[{"href":"https:\/\/alness.expertmedia.be\/fr\/wp-json\/wp\/v2\/media?parent=8005"}],"curies":[{"name":"wp","href":"https:\/\/api.w.org\/{rel}","templated":true}]}}