{"id":7956,"date":"2023-08-01T16:20:17","date_gmt":"2023-08-01T14:20:17","guid":{"rendered":"https:\/\/alness.expertmedia.be\/sitemap-copy\/"},"modified":"2024-02-19T16:32:53","modified_gmt":"2024-02-19T15:32:53","slug":"sitemap-copy","status":"publish","type":"page","link":"https:\/\/alness.expertmedia.be\/fr\/sitemap-copy\/","title":{"rendered":"Merci de votre attention !"},"content":{"rendered":"<div data-elementor-type=\"wp-page\" data-elementor-id=\"7956\" class=\"elementor elementor-7956\" data-elementor-post-type=\"page\">\n\t\t\t\t\t\t<section class=\"elementor-section elementor-top-section elementor-element elementor-element-6a952c8 elementor-section-stretched elementor-section-content-middle elementor-reverse-mobile elementor-section-boxed elementor-section-height-default elementor-section-height-default\" data-id=\"6a952c8\" data-element_type=\"section\" data-e-type=\"section\" data-settings=\"{&quot;stretch_section&quot;:&quot;section-stretched&quot;,&quot;jet_parallax_layout_list&quot;:[]}\">\n\t\t\t\t\t\t<div class=\"elementor-container elementor-column-gap-no\">\n\t\t\t\t\t<div class=\"elementor-column elementor-col-50 elementor-top-column elementor-element elementor-element-b1665a5 animated-fast elementor-invisible\" data-id=\"b1665a5\" data-element_type=\"column\" data-e-type=\"column\" data-settings=\"{&quot;animation&quot;:&quot;opal-move-up&quot;,&quot;animation_delay&quot;:300}\">\n\t\t\t<div class=\"elementor-widget-wrap elementor-element-populated\">\n\t\t\t\t\t\t<div class=\"elementor-element elementor-element-1460bf9 elementor-view-default elementor-position-block-start elementor-mobile-position-block-start elementor-widget elementor-widget-icon-box\" data-id=\"1460bf9\" data-element_type=\"widget\" data-e-type=\"widget\" data-widget_type=\"icon-box.default\">\n\t\t\t\t<div class=\"elementor-widget-container\">\n\t\t\t\t\t\t\t<div class=\"elementor-icon-box-wrapper\">\n\n\t\t\t\t\t\t<div class=\"elementor-icon-box-icon\">\n\t\t\t\t<span  class=\"elementor-icon\">\n\t\t\t\t<i class=\"opal-icon- opal-icon-community_2 opal-custom\" aria-hidden=\"true\"><\/i>\t\t\t\t<\/span>\n\t\t\t<\/div>\n\t\t\t\n\t\t\t\t\t\t<div class=\"elementor-icon-box-content\">\n\n\t\t\t\t\t\t\t\t\t<h2 class=\"elementor-icon-box-title\">\n\t\t\t\t\t\t<span  >\n\t\t\t\t\t\t\tT\u00e9l\u00e9chargez notre brochure ici\t\t\t\t\t\t<\/span>\n\t\t\t\t\t<\/h2>\n\t\t\t\t\n\t\t\t\t\t\t\t\t\t<p class=\"elementor-icon-box-description\">\n\t\t\t\t\t\tMerci d'avoir laiss\u00e9 vos coordonn\u00e9es. Vous pouvez t\u00e9l\u00e9charger notre brochure en cliquant sur le bouton ci-dessous ; \t\t\t\t\t<\/p>\n\t\t\t\t\n\t\t\t<\/div>\n\t\t\t\n\t\t<\/div>\n\t\t\t\t\t\t<\/div>\n\t\t\t\t<\/div>\n\t\t\t\t<div class=\"elementor-element elementor-element-1ba6057 elementor-button-underline animated-fast elementor-mobile-align-center elementor-invisible elementor-widget elementor-widget-button\" data-id=\"1ba6057\" data-element_type=\"widget\" data-e-type=\"widget\" data-settings=\"{&quot;_animation&quot;:&quot;opal-move-up&quot;,&quot;_animation_tablet&quot;:&quot;opal-move-up&quot;,&quot;_animation_mobile&quot;:&quot;opal-move-up&quot;}\" data-widget_type=\"button.default\">\n\t\t\t\t<div class=\"elementor-widget-container\">\n\t\t\t\t\t\t\t\t\t<div class=\"elementor-button-wrapper\">\n\t\t\t\t\t<a class=\"elementor-button elementor-button-link elementor-size-sm\" href=\"https:\/\/alness.expertmedia.be\/wp-content\/uploads\/2023\/12\/Alness-magazine.pdf\" target=\"_blank\">\n\t\t\t\t\t\t<span class=\"elementor-button-content-wrapper\">\n\t\t\t\t\t\t<span class=\"elementor-button-icon\">\n\t\t\t\t<i aria-hidden=\"true\" class=\"opal-icon- opal-icon-arrow-right\"><\/i>\t\t\t<\/span>\n\t\t\t\t\t\t\t\t\t<span class=\"elementor-button-text\">T\u00e9l\u00e9chargez notre brochure ici<\/span>\n\t\t\t\t\t<\/span>\n\t\t\t\t\t<\/a>\n\t\t\t\t<\/div>\n\t\t\t\t\t\t\t\t<\/div>\n\t\t\t\t<\/div>\n\t\t\t\t\t<\/div>\n\t\t<\/div>\n\t\t\t\t<div class=\"elementor-column elementor-col-50 elementor-top-column elementor-element elementor-element-72c9eaf animated-fast elementor-invisible\" data-id=\"72c9eaf\" data-element_type=\"column\" data-e-type=\"column\" data-settings=\"{&quot;animation&quot;:&quot;opal-move-up&quot;,&quot;animation_delay&quot;:150}\">\n\t\t\t<div class=\"elementor-widget-wrap elementor-element-populated\">\n\t\t\t\t\t\t<div class=\"elementor-element elementor-element-356688b elementor-widget elementor-widget-image\" data-id=\"356688b\" data-element_type=\"widget\" data-e-type=\"widget\" data-widget_type=\"image.default\">\n\t\t\t\t<div class=\"elementor-widget-container\">\n\t\t\t\t\t\t\t\t\t\t\t\t\t\t\t<img fetchpriority=\"high\" decoding=\"async\" width=\"1280\" height=\"720\" src=\"https:\/\/alness.expertmedia.be\/wp-content\/uploads\/2023\/08\/13120002_1176366835729208_1513235346489032625_o.jpg\" class=\"attachment-full size-full wp-image-8032\" alt=\"\" srcset=\"https:\/\/alness.expertmedia.be\/wp-content\/uploads\/2023\/08\/13120002_1176366835729208_1513235346489032625_o.jpg 1280w, https:\/\/alness.expertmedia.be\/wp-content\/uploads\/2023\/08\/13120002_1176366835729208_1513235346489032625_o-300x169.jpg 300w, https:\/\/alness.expertmedia.be\/wp-content\/uploads\/2023\/08\/13120002_1176366835729208_1513235346489032625_o-1024x576.jpg 1024w, https:\/\/alness.expertmedia.be\/wp-content\/uploads\/2023\/08\/13120002_1176366835729208_1513235346489032625_o-768x432.jpg 768w, https:\/\/alness.expertmedia.be\/wp-content\/uploads\/2023\/08\/13120002_1176366835729208_1513235346489032625_o-700x394.jpg 700w\" sizes=\"(max-width: 1280px) 100vw, 1280px\" \/>\t\t\t\t\t\t\t\t\t\t\t\t\t\t\t<\/div>\n\t\t\t\t<\/div>\n\t\t\t\t\t<\/div>\n\t\t<\/div>\n\t\t\t\t\t<\/div>\n\t\t<\/section>\n\t\t\t\t<\/div>","protected":false},"excerpt":{"rendered":"<p>Download onze brochure hier Hartelijk dank voor het nalaten van uw gegevens. Via onderstaande knop kan je onze brochure downloaden; Download hier onze brochure<\/p>","protected":false},"author":2,"featured_media":0,"parent":0,"menu_order":0,"comment_status":"closed","ping_status":"closed","template":"","meta":{"footnotes":""},"class_list":["post-7956","page","type-page","status-publish","hentry"],"yoast_head":"<!-- This site is optimized with the Yoast SEO Premium plugin v26.9 (Yoast SEO v26.9) - https:\/\/yoast.com\/product\/yoast-seo-premium-wordpress\/ -->\n<title>Dank u! - Alness<\/title>\n<meta name=\"robots\" content=\"index, follow, max-snippet:-1, max-image-preview:large, max-video-preview:-1\" \/>\n<link rel=\"canonical\" href=\"https:\/\/alness.expertmedia.be\/fr\/sitemap-copy\/\" \/>\n<meta property=\"og:locale\" content=\"fr_FR\" \/>\n<meta property=\"og:type\" content=\"article\" \/>\n<meta property=\"og:title\" content=\"Dank u!\" \/>\n<meta property=\"og:description\" content=\"Download onze brochure hier Hartelijk dank voor het nalaten van uw gegevens. Via onderstaande knop kan je onze brochure downloaden; Download hier onze brochure\" \/>\n<meta property=\"og:url\" content=\"https:\/\/alness.expertmedia.be\/fr\/sitemap-copy\/\" \/>\n<meta property=\"og:site_name\" content=\"Alness\" \/>\n<meta property=\"article:modified_time\" content=\"2024-02-19T15:32:53+00:00\" \/>\n<meta property=\"og:image\" content=\"https:\/\/alness.expertmedia.be\/wp-content\/uploads\/2023\/08\/13120002_1176366835729208_1513235346489032625_o.jpg\" \/>\n<meta name=\"twitter:card\" content=\"summary_large_image\" \/>\n<meta name=\"twitter:label1\" content=\"Dur\u00e9e de lecture estim\u00e9e\" \/>\n\t<meta name=\"twitter:data1\" content=\"1 minute\" \/>\n<script type=\"application\/ld+json\" class=\"yoast-schema-graph\">{\"@context\":\"https:\/\/schema.org\",\"@graph\":[{\"@type\":\"WebPage\",\"@id\":\"https:\/\/alness.expertmedia.be\/sitemap-copy\/\",\"url\":\"https:\/\/alness.expertmedia.be\/sitemap-copy\/\",\"name\":\"Dank u! - Alness\",\"isPartOf\":{\"@id\":\"https:\/\/alness.expertmedia.be\/#website\"},\"primaryImageOfPage\":{\"@id\":\"https:\/\/alness.expertmedia.be\/sitemap-copy\/#primaryimage\"},\"image\":{\"@id\":\"https:\/\/alness.expertmedia.be\/sitemap-copy\/#primaryimage\"},\"thumbnailUrl\":\"https:\/\/alness.expertmedia.be\/wp-content\/uploads\/2023\/08\/13120002_1176366835729208_1513235346489032625_o.jpg\",\"datePublished\":\"2023-08-01T14:20:17+00:00\",\"dateModified\":\"2024-02-19T15:32:53+00:00\",\"breadcrumb\":{\"@id\":\"https:\/\/alness.expertmedia.be\/sitemap-copy\/#breadcrumb\"},\"inLanguage\":\"fr-FR\",\"potentialAction\":[{\"@type\":\"ReadAction\",\"target\":[\"https:\/\/alness.expertmedia.be\/sitemap-copy\/\"]}]},{\"@type\":\"ImageObject\",\"inLanguage\":\"fr-FR\",\"@id\":\"https:\/\/alness.expertmedia.be\/sitemap-copy\/#primaryimage\",\"url\":\"https:\/\/alness.expertmedia.be\/wp-content\/uploads\/2023\/08\/13120002_1176366835729208_1513235346489032625_o.jpg\",\"contentUrl\":\"https:\/\/alness.expertmedia.be\/wp-content\/uploads\/2023\/08\/13120002_1176366835729208_1513235346489032625_o.jpg\"},{\"@type\":\"BreadcrumbList\",\"@id\":\"https:\/\/alness.expertmedia.be\/sitemap-copy\/#breadcrumb\",\"itemListElement\":[{\"@type\":\"ListItem\",\"position\":1,\"name\":\"Home\",\"item\":\"https:\/\/alness.expertmedia.be\/\"},{\"@type\":\"ListItem\",\"position\":2,\"name\":\"Dank u!\"}]},{\"@type\":\"WebSite\",\"@id\":\"https:\/\/alness.expertmedia.be\/#website\",\"url\":\"https:\/\/alness.expertmedia.be\/\",\"name\":\"Alness\",\"description\":\"Luxury Real Estate\",\"publisher\":{\"@id\":\"https:\/\/alness.expertmedia.be\/#organization\"},\"potentialAction\":[{\"@type\":\"SearchAction\",\"target\":{\"@type\":\"EntryPoint\",\"urlTemplate\":\"https:\/\/alness.expertmedia.be\/?s={search_term_string}\"},\"query-input\":{\"@type\":\"PropertyValueSpecification\",\"valueRequired\":true,\"valueName\":\"search_term_string\"}}],\"inLanguage\":\"fr-FR\"},{\"@type\":\"Organization\",\"@id\":\"https:\/\/alness.expertmedia.be\/#organization\",\"name\":\"Alness\",\"url\":\"https:\/\/alness.expertmedia.be\/\",\"logo\":{\"@type\":\"ImageObject\",\"inLanguage\":\"fr-FR\",\"@id\":\"https:\/\/alness.expertmedia.be\/#\/schema\/logo\/image\/\",\"url\":\"https:\/\/alness.expertmedia.be\/wp-content\/uploads\/2023\/07\/cropped-favicon.png\",\"contentUrl\":\"https:\/\/alness.expertmedia.be\/wp-content\/uploads\/2023\/07\/cropped-favicon.png\",\"width\":1018,\"height\":1018,\"caption\":\"Alness\"},\"image\":{\"@id\":\"https:\/\/alness.expertmedia.be\/#\/schema\/logo\/image\/\"}}]}<\/script>\n<!-- \/ Yoast SEO Premium plugin. -->","yoast_head_json":{"title":"Dank u! - Alness","robots":{"index":"index","follow":"follow","max-snippet":"max-snippet:-1","max-image-preview":"max-image-preview:large","max-video-preview":"max-video-preview:-1"},"canonical":"https:\/\/alness.expertmedia.be\/fr\/sitemap-copy\/","og_locale":"fr_FR","og_type":"article","og_title":"Dank u!","og_description":"Download onze brochure hier Hartelijk dank voor het nalaten van uw gegevens. Via onderstaande knop kan je onze brochure downloaden; Download hier onze brochure","og_url":"https:\/\/alness.expertmedia.be\/fr\/sitemap-copy\/","og_site_name":"Alness","article_modified_time":"2024-02-19T15:32:53+00:00","og_image":[{"url":"https:\/\/alness.expertmedia.be\/wp-content\/uploads\/2023\/08\/13120002_1176366835729208_1513235346489032625_o.jpg","type":"","width":"","height":""}],"twitter_card":"summary_large_image","twitter_misc":{"Dur\u00e9e de lecture estim\u00e9e":"1 minute"},"schema":{"@context":"https:\/\/schema.org","@graph":[{"@type":"WebPage","@id":"https:\/\/alness.expertmedia.be\/sitemap-copy\/","url":"https:\/\/alness.expertmedia.be\/sitemap-copy\/","name":"Dank u! - Alness","isPartOf":{"@id":"https:\/\/alness.expertmedia.be\/#website"},"primaryImageOfPage":{"@id":"https:\/\/alness.expertmedia.be\/sitemap-copy\/#primaryimage"},"image":{"@id":"https:\/\/alness.expertmedia.be\/sitemap-copy\/#primaryimage"},"thumbnailUrl":"https:\/\/alness.expertmedia.be\/wp-content\/uploads\/2023\/08\/13120002_1176366835729208_1513235346489032625_o.jpg","datePublished":"2023-08-01T14:20:17+00:00","dateModified":"2024-02-19T15:32:53+00:00","breadcrumb":{"@id":"https:\/\/alness.expertmedia.be\/sitemap-copy\/#breadcrumb"},"inLanguage":"fr-FR","potentialAction":[{"@type":"ReadAction","target":["https:\/\/alness.expertmedia.be\/sitemap-copy\/"]}]},{"@type":"ImageObject","inLanguage":"fr-FR","@id":"https:\/\/alness.expertmedia.be\/sitemap-copy\/#primaryimage","url":"https:\/\/alness.expertmedia.be\/wp-content\/uploads\/2023\/08\/13120002_1176366835729208_1513235346489032625_o.jpg","contentUrl":"https:\/\/alness.expertmedia.be\/wp-content\/uploads\/2023\/08\/13120002_1176366835729208_1513235346489032625_o.jpg"},{"@type":"BreadcrumbList","@id":"https:\/\/alness.expertmedia.be\/sitemap-copy\/#breadcrumb","itemListElement":[{"@type":"ListItem","position":1,"name":"Home","item":"https:\/\/alness.expertmedia.be\/"},{"@type":"ListItem","position":2,"name":"Dank u!"}]},{"@type":"WebSite","@id":"https:\/\/alness.expertmedia.be\/#website","url":"https:\/\/alness.expertmedia.be\/","name":"Alness","description":"Immobilier de luxe","publisher":{"@id":"https:\/\/alness.expertmedia.be\/#organization"},"potentialAction":[{"@type":"SearchAction","target":{"@type":"EntryPoint","urlTemplate":"https:\/\/alness.expertmedia.be\/?s={search_term_string}"},"query-input":{"@type":"PropertyValueSpecification","valueRequired":true,"valueName":"search_term_string"}}],"inLanguage":"fr-FR"},{"@type":"Organization","@id":"https:\/\/alness.expertmedia.be\/#organization","name":"Alness","url":"https:\/\/alness.expertmedia.be\/","logo":{"@type":"ImageObject","inLanguage":"fr-FR","@id":"https:\/\/alness.expertmedia.be\/#\/schema\/logo\/image\/","url":"https:\/\/alness.expertmedia.be\/wp-content\/uploads\/2023\/07\/cropped-favicon.png","contentUrl":"https:\/\/alness.expertmedia.be\/wp-content\/uploads\/2023\/07\/cropped-favicon.png","width":1018,"height":1018,"caption":"Alness"},"image":{"@id":"https:\/\/alness.expertmedia.be\/#\/schema\/logo\/image\/"}}]}},"_links":{"self":[{"href":"https:\/\/alness.expertmedia.be\/fr\/wp-json\/wp\/v2\/pages\/7956","targetHints":{"allow":["GET"]}}],"collection":[{"href":"https:\/\/alness.expertmedia.be\/fr\/wp-json\/wp\/v2\/pages"}],"about":[{"href":"https:\/\/alness.expertmedia.be\/fr\/wp-json\/wp\/v2\/types\/page"}],"author":[{"embeddable":true,"href":"https:\/\/alness.expertmedia.be\/fr\/wp-json\/wp\/v2\/users\/2"}],"replies":[{"embeddable":true,"href":"https:\/\/alness.expertmedia.be\/fr\/wp-json\/wp\/v2\/comments?post=7956"}],"version-history":[{"count":0,"href":"https:\/\/alness.expertmedia.be\/fr\/wp-json\/wp\/v2\/pages\/7956\/revisions"}],"wp:attachment":[{"href":"https:\/\/alness.expertmedia.be\/fr\/wp-json\/wp\/v2\/media?parent=7956"}],"curies":[{"name":"wp","href":"https:\/\/api.w.org\/{rel}","templated":true}]}}