{"id":7597,"date":"2023-07-10T10:37:52","date_gmt":"2023-07-10T08:37:52","guid":{"rendered":"https:\/\/alness.expertmedia.be\/faq-copy\/"},"modified":"2024-02-19T16:32:34","modified_gmt":"2024-02-19T15:32:34","slug":"sitemap","status":"publish","type":"page","link":"https:\/\/alness.expertmedia.be\/fr\/sitemap\/","title":{"rendered":"Plan du site"},"content":{"rendered":"<div data-elementor-type=\"wp-page\" data-elementor-id=\"7597\" class=\"elementor elementor-7597\" data-elementor-post-type=\"page\">\n\t\t\t\t<div class=\"elementor-element elementor-element-e4be2f3 e-flex e-con-boxed e-con e-parent\" data-id=\"e4be2f3\" data-element_type=\"container\" data-e-type=\"container\" data-settings=\"{&quot;jet_parallax_layout_list&quot;:[]}\">\n\t\t\t\t\t<div class=\"e-con-inner\">\n\t\t\t\t<div class=\"elementor-element elementor-element-a2eaf38 elementor-widget elementor-widget-sitemap\" data-id=\"a2eaf38\" data-element_type=\"widget\" data-e-type=\"widget\" data-widget_type=\"sitemap.default\">\n\t\t\t\t<div class=\"elementor-widget-container\">\n\t\t\t\t\t<div class=\"elementor-sitemap-wrap\"><div class=\"elementor-sitemap-section\"><h2 class=\"elementor-sitemap-title elementor-sitemap-page-title\">Pages<\/h2><ul class=\"elementor-sitemap-list elementor-sitemap-page-list\"><li class=\"elementor-sitemap-item elementor-sitemap-item-page page_item page-item-20505\"><a href=\"https:\/\/alness.expertmedia.be\/fr\/profile\/\">Profil<\/a><\/li><li class=\"elementor-sitemap-item elementor-sitemap-item-page page_item page-item-20503\"><a href=\"https:\/\/alness.expertmedia.be\/fr\/reset-password\/\">R\u00e9initialiser le mot de passe<\/a><\/li><li class=\"elementor-sitemap-item elementor-sitemap-item-page page_item page-item-20501\"><a href=\"https:\/\/alness.expertmedia.be\/fr\/log-in\/\">Se connecter<\/a><\/li><li class=\"elementor-sitemap-item elementor-sitemap-item-page page_item page-item-20499\"><a href=\"https:\/\/alness.expertmedia.be\/fr\/sign-up\/\">S'inscrire<\/a><\/li><li class=\"elementor-sitemap-item elementor-sitemap-item-page page_item page-item-20497\"><a href=\"https:\/\/alness.expertmedia.be\/fr\/search-results\/\">R\u00e9sultats de la recherche<\/a><\/li><li class=\"elementor-sitemap-item elementor-sitemap-item-page page_item page-item-20495\"><a href=\"https:\/\/alness.expertmedia.be\/fr\/map-view\/\">Vue de la carte<\/a><\/li><li class=\"elementor-sitemap-item elementor-sitemap-item-page page_item page-item-20493\"><a href=\"https:\/\/alness.expertmedia.be\/fr\/grid-layout\/\">Disposition de la grille<\/a><\/li><li class=\"elementor-sitemap-item elementor-sitemap-item-page page_item page-item-20491\"><a href=\"https:\/\/alness.expertmedia.be\/fr\/list-layout\/\">Pr\u00e9sentation de la liste<\/a><\/li><li class=\"elementor-sitemap-item elementor-sitemap-item-page page_item page-item-12244\"><a href=\"https:\/\/alness.expertmedia.be\/fr\/blog\/\">Blog<\/a><\/li><li class=\"elementor-sitemap-item elementor-sitemap-item-page page_item page-item-7956\"><a href=\"https:\/\/alness.expertmedia.be\/fr\/sitemap-copy\/\">Merci de votre attention !<\/a><\/li><li class=\"elementor-sitemap-item elementor-sitemap-item-page page_item page-item-8541\"><a href=\"https:\/\/alness.expertmedia.be\/fr\/sitemap-copy-copy\/\">Danku<\/a><\/li><li class=\"elementor-sitemap-item elementor-sitemap-item-page page_item page-item-76\"><a href=\"https:\/\/alness.expertmedia.be\/fr\/\">Accueil<\/a><\/li><li class=\"elementor-sitemap-item elementor-sitemap-item-page page_item page-item-22046\"><a href=\"https:\/\/alness.expertmedia.be\/fr\/testhome\/\">testhome<\/a><\/li><li class=\"elementor-sitemap-item elementor-sitemap-item-page page_item page-item-20576\"><a href=\"https:\/\/alness.expertmedia.be\/fr\/appartementen\/\">Appartement<\/a><\/li><li class=\"elementor-sitemap-item elementor-sitemap-item-page page_item page-item-8688\"><a href=\"https:\/\/alness.expertmedia.be\/fr\/contact-bereik-ons-voor-meer-informatie\/\">Contact<\/a><\/li><li class=\"elementor-sitemap-item elementor-sitemap-item-page page_item page-item-20584\"><a href=\"https:\/\/alness.expertmedia.be\/fr\/nieuwbouwwoningen-in-de-costa-del-sol\/\">Logement<\/a><\/li><li class=\"elementor-sitemap-item elementor-sitemap-item-page page_item page-item-12568\"><a href=\"https:\/\/alness.expertmedia.be\/fr\/prospectiereizen\/\">Voyages de prospection<\/a><\/li><li class=\"elementor-sitemap-item elementor-sitemap-item-page page_item page-item-20485\"><a href=\"https:\/\/alness.expertmedia.be\/fr\/projecten\/\">Projets<\/a><\/li><li class=\"elementor-sitemap-item elementor-sitemap-item-page page_item page-item-8553\"><a href=\"https:\/\/alness.expertmedia.be\/fr\/over-ons-copy-copy-copy\/\">Webinaire 21 novembre \u00e0 19h30<\/a><\/li><li class=\"elementor-sitemap-item elementor-sitemap-item-page page_item page-item-8498\"><a href=\"https:\/\/alness.expertmedia.be\/fr\/over-ons-copy-copy\/\">Webinaire 28 octobre \u00e0 10h<\/a><\/li><li class=\"elementor-sitemap-item elementor-sitemap-item-page page_item page-item-8489\"><a href=\"https:\/\/alness.expertmedia.be\/fr\/over-ons-copy\/\">Webinaire 26 octobre \u00e0 20h<\/a><\/li><li class=\"elementor-sitemap-item elementor-sitemap-item-page page_item page-item-21403\"><a href=\"https:\/\/alness.expertmedia.be\/fr\/diensten\/\">Services<\/a><\/li><li class=\"elementor-sitemap-item elementor-sitemap-item-page page_item page-item-474\"><a href=\"https:\/\/alness.expertmedia.be\/fr\/over-ons\/\">A propos de nous<\/a><\/li><li class=\"elementor-sitemap-item elementor-sitemap-item-page page_item page-item-368\"><a href=\"https:\/\/alness.expertmedia.be\/fr\/faq\/\">Faq<\/a><\/li><li class=\"elementor-sitemap-item elementor-sitemap-item-page page_item page-item-12160\"><a href=\"https:\/\/alness.expertmedia.be\/fr\/investeren\/\">E-book - Investir en toute s\u00e9r\u00e9nit\u00e9 dans l'immobilier espagnol<\/a><\/li><li class=\"elementor-sitemap-item elementor-sitemap-item-page page_item page-item-8620\"><a href=\"https:\/\/alness.expertmedia.be\/fr\/contact-copy\/\">Magazine<\/a><\/li><li class=\"elementor-sitemap-item elementor-sitemap-item-page page_item page-item-8005\"><a href=\"https:\/\/alness.expertmedia.be\/fr\/about-us-copy-2\/\">Ibiza<\/a><\/li><li class=\"elementor-sitemap-item elementor-sitemap-item-page page_item page-item-12559\"><a href=\"https:\/\/alness.expertmedia.be\/fr\/bedankt-prospectietrip\/\">Merci voyage de prospection<\/a><\/li><li class=\"elementor-sitemap-item elementor-sitemap-item-page page_item page-item-8150\"><a href=\"https:\/\/alness.expertmedia.be\/fr\/bedankt\/\">Merci de votre attention !<\/a><\/li><\/ul><\/div><div class=\"elementor-sitemap-section\"><h2 class=\"elementor-sitemap-title elementor-sitemap-osf_portfolio-title\">Locaux<\/h2><ul class=\"elementor-sitemap-list elementor-sitemap-osf_portfolio-list\"><li class=\"elementor-sitemap-item elementor-sitemap-item-osf_portfolio page_item page-item-12299\"><a href=\"https:\/\/alness.expertmedia.be\/fr\/?p=12299\">LAK\u00dcN - MIJAS<\/a><\/li><li class=\"elementor-sitemap-item elementor-sitemap-item-osf_portfolio page_item page-item-11624\"><a href=\"https:\/\/alness.expertmedia.be\/fr\/?p=11624\">Bliss Homes - Casares<\/a><\/li><li class=\"elementor-sitemap-item elementor-sitemap-item-osf_portfolio page_item page-item-11606\"><a href=\"https:\/\/alness.expertmedia.be\/fr\/?p=11606\">Celestia - Maisons<\/a><\/li><li class=\"elementor-sitemap-item elementor-sitemap-item-osf_portfolio page_item page-item-11580\"><a href=\"https:\/\/alness.expertmedia.be\/fr\/?p=11580\">Nurbay - Manilva<\/a><\/li><li class=\"elementor-sitemap-item elementor-sitemap-item-osf_portfolio page_item page-item-11384\"><a href=\"https:\/\/alness.expertmedia.be\/fr\/?p=11384\">Altezza Suites - Estepona<\/a><\/li><li class=\"elementor-sitemap-item elementor-sitemap-item-osf_portfolio page_item page-item-11334\"><a href=\"https:\/\/alness.expertmedia.be\/fr\/?p=11334\">Amaranta - Casares<\/a><\/li><li class=\"elementor-sitemap-item elementor-sitemap-item-osf_portfolio page_item page-item-11304\"><a href=\"https:\/\/alness.expertmedia.be\/fr\/?p=11304\">Ipanema - Mijas<\/a><\/li><li class=\"elementor-sitemap-item elementor-sitemap-item-osf_portfolio page_item page-item-11276\"><a href=\"https:\/\/alness.expertmedia.be\/fr\/?p=11276\">Marein Natura - Nueva Andalucia<\/a><\/li><li class=\"elementor-sitemap-item elementor-sitemap-item-osf_portfolio page_item page-item-11256\"><a href=\"https:\/\/alness.expertmedia.be\/fr\/?p=11256\">Brise - Guadalmina<\/a><\/li><li class=\"elementor-sitemap-item elementor-sitemap-item-osf_portfolio page_item page-item-11233\"><a href=\"https:\/\/alness.expertmedia.be\/fr\/?p=11233\">Salvia - San Pedro<\/a><\/li><li class=\"elementor-sitemap-item elementor-sitemap-item-osf_portfolio page_item page-item-11212\"><a href=\"https:\/\/alness.expertmedia.be\/fr\/?p=11212\">Isea - Estepona<\/a><\/li><li class=\"elementor-sitemap-item elementor-sitemap-item-osf_portfolio page_item page-item-11188\"><a href=\"https:\/\/alness.expertmedia.be\/fr\/?p=11188\">Eden Phase II - Mijas<\/a><\/li><li class=\"elementor-sitemap-item elementor-sitemap-item-osf_portfolio page_item page-item-11170\"><a href=\"https:\/\/alness.expertmedia.be\/fr\/?p=11170\">Bahia - Mijas<\/a><\/li><li class=\"elementor-sitemap-item elementor-sitemap-item-osf_portfolio page_item page-item-11117\"><a href=\"https:\/\/alness.expertmedia.be\/fr\/?p=11117\">Capri - Estepona<\/a><\/li><\/ul><\/div><div class=\"elementor-sitemap-section\"><h2 class=\"elementor-sitemap-title elementor-sitemap-post-title\">Messages<\/h2><ul class=\"elementor-sitemap-list elementor-sitemap-post-list\"><li class=\"elementor-sitemap-item elementor-sitemap-item-post page_item page-item-21586\"><a href=\"https:\/\/alness.expertmedia.be\/fr\/fictieve-huurbelasting-in-spanje-hoe-geld-terugvorderen\/\">Imp\u00f4t sur les loyers fictifs en Espagne : comment r\u00e9cup\u00e9rer l'argent ?<\/a><\/li><li class=\"elementor-sitemap-item elementor-sitemap-item-post page_item page-item-21333\"><a href=\"https:\/\/alness.expertmedia.be\/fr\/nieuwe-energieregels-in-spanje-verplichting-of-kans-voor-investeerders\/\">Nouvelles r\u00e8gles en mati\u00e8re d'\u00e9nergie en Espagne : obligation ou opportunit\u00e9 pour les investisseurs ?<\/a><\/li><li class=\"elementor-sitemap-item elementor-sitemap-item-post page_item page-item-12288\"><a href=\"https:\/\/alness.expertmedia.be\/fr\/investeren-in-vastgoed-aan-de-costa-del-sol-tijdens-beursonrust\/\">Investir dans l'immobilier sur la Costa del Sol pendant les turbulences boursi\u00e8res<\/a><\/li><li class=\"elementor-sitemap-item elementor-sitemap-item-post page_item page-item-12287\"><a href=\"https:\/\/alness.expertmedia.be\/fr\/huis-kopen-in-spanje\/\">Achat d'une maison en Espagne : co\u00fbts d'achat de la maison de vos r\u00eaves<\/a><\/li><li class=\"elementor-sitemap-item elementor-sitemap-item-post page_item page-item-12196\"><a href=\"https:\/\/alness.expertmedia.be\/fr\/nieuwbouw-of-bestaand-vastgoed-costa-del-sol\/\">Acheter une propri\u00e9t\u00e9 neuve ou existante sur la Costa del Sol ?<\/a><\/li><li class=\"elementor-sitemap-item elementor-sitemap-item-post page_item page-item-12191\"><a href=\"https:\/\/alness.expertmedia.be\/fr\/vastgoedprijzen-costa-del-sol-evolutie\/\">Investir sur la Costa del Sol : \u00e9volution des prix de l'immobilier<\/a><\/li><li class=\"elementor-sitemap-item elementor-sitemap-item-post page_item page-item-12143\"><a href=\"https:\/\/alness.expertmedia.be\/fr\/costa-del-sol-costa-blanca-vergelijking-copy\/\">\u00c9pargne ou investissement immobilier en Espagne : qu'est-ce qui rapporte le plus ?<\/a><\/li><li class=\"elementor-sitemap-item elementor-sitemap-item-post page_item page-item-11559\"><a href=\"https:\/\/alness.expertmedia.be\/fr\/costa-del-sol-costa-blanca-vergelijking\/\">Costa del Sol ou Costa Blanca : quelle r\u00e9gion vous convient le mieux ?<\/a><\/li><li class=\"elementor-sitemap-item elementor-sitemap-item-post page_item page-item-11557\"><a href=\"https:\/\/alness.expertmedia.be\/fr\/verhuurlicentie-spanje\/\">Permis de location en Espagne : nouvelles r\u00e8gles pour 2025<\/a><\/li><li class=\"elementor-sitemap-item elementor-sitemap-item-post page_item page-item-11507\"><a href=\"https:\/\/alness.expertmedia.be\/fr\/vastgoed-estepona-costa-del-sol\/\">Immobilier \u00e0 Estepona : investir sur la Costa del Sol<\/a><\/li><li class=\"elementor-sitemap-item elementor-sitemap-item-post page_item page-item-11513\"><a href=\"https:\/\/alness.expertmedia.be\/fr\/altezza-project-vastgoed-estepona\/\">Altezza Suites : vie de luxe et investissement intelligent sur le nouveau Golden Mile<\/a><\/li><li class=\"elementor-sitemap-item elementor-sitemap-item-post page_item page-item-11372\"><a href=\"https:\/\/alness.expertmedia.be\/fr\/golfen-vastgoed-costa-del-sol\/\">Golf sur la Costa del Sol<\/a><\/li><li class=\"elementor-sitemap-item elementor-sitemap-item-post page_item page-item-11359\"><a href=\"https:\/\/alness.expertmedia.be\/fr\/overwinteren-aan-de-costa-del-sol-verleng-het-zomergevoel\/\">L'hivernage sur la Costa del Sol : prolonger la sensation d'\u00e9t\u00e9<\/a><\/li><li class=\"elementor-sitemap-item elementor-sitemap-item-post page_item page-item-11352\"><a href=\"https:\/\/alness.expertmedia.be\/fr\/investeren-vastgoed-spanje-2025\/\">Investir dans l'immobilier en Espagne vaut-il la peine en 2024 et 2025 ?<\/a><\/li><li class=\"elementor-sitemap-item elementor-sitemap-item-post page_item page-item-8566\"><a href=\"https:\/\/alness.expertmedia.be\/fr\/hoe-een-huis-kopen-in-spanje\/\">Comment acheter une maison en Espagne ? 5 erreurs \u00e0 ne surtout pas commettre<\/a><\/li><li class=\"elementor-sitemap-item elementor-sitemap-item-post page_item page-item-8477\"><a href=\"https:\/\/alness.expertmedia.be\/fr\/is-een-huis-kopen-in-spanje-verstandig\/\">L'achat d'une maison en Espagne est-il judicieux ? Les avantages fiscaux mis en \u00e9vidence<\/a><\/li><li class=\"elementor-sitemap-item elementor-sitemap-item-post page_item page-item-67\"><a href=\"https:\/\/alness.expertmedia.be\/fr\/jouw-complete-gids-voor-het-kopen-van-vastgoed-in-spanje\/\">Votre guide complet pour l'achat d'une propri\u00e9t\u00e9 en Espagne<\/a><\/li><li class=\"elementor-sitemap-item elementor-sitemap-item-post page_item page-item-8386\"><a href=\"https:\/\/alness.expertmedia.be\/fr\/waarom-huis-kopen-spanje\/\">5 raisons pour lesquelles les Belges ach\u00e8tent massivement une maison en Espagne<\/a><\/li><\/ul><\/div><\/div>\t\t\t\t<\/div>\n\t\t\t\t<\/div>\n\t\t\t\t\t<\/div>\n\t\t\t\t<\/div>\n\t\t\t\t<\/div>","protected":false},"excerpt":{"rendered":"","protected":false},"author":2,"featured_media":0,"parent":0,"menu_order":0,"comment_status":"closed","ping_status":"closed","template":"","meta":{"footnotes":""},"class_list":["post-7597","page","type-page","status-publish","hentry"],"yoast_head":"<!-- This site is optimized with the Yoast SEO Premium plugin v26.9 (Yoast SEO v26.9) - https:\/\/yoast.com\/product\/yoast-seo-premium-wordpress\/ -->\n<title>Sitemap - Alness<\/title>\n<meta name=\"robots\" content=\"index, follow, max-snippet:-1, max-image-preview:large, max-video-preview:-1\" \/>\n<link rel=\"canonical\" href=\"https:\/\/alness.expertmedia.be\/fr\/sitemap\/\" \/>\n<meta property=\"og:locale\" content=\"fr_FR\" \/>\n<meta property=\"og:type\" content=\"article\" \/>\n<meta property=\"og:title\" content=\"Sitemap\" \/>\n<meta property=\"og:url\" content=\"https:\/\/alness.expertmedia.be\/fr\/sitemap\/\" \/>\n<meta property=\"og:site_name\" content=\"Alness\" \/>\n<meta property=\"article:modified_time\" content=\"2024-02-19T15:32:34+00:00\" \/>\n<meta name=\"twitter:card\" content=\"summary_large_image\" \/>\n<script type=\"application\/ld+json\" class=\"yoast-schema-graph\">{\"@context\":\"https:\/\/schema.org\",\"@graph\":[{\"@type\":\"WebPage\",\"@id\":\"https:\/\/alness.expertmedia.be\/sitemap\/\",\"url\":\"https:\/\/alness.expertmedia.be\/sitemap\/\",\"name\":\"Sitemap - Alness\",\"isPartOf\":{\"@id\":\"https:\/\/alness.expertmedia.be\/#website\"},\"datePublished\":\"2023-07-10T08:37:52+00:00\",\"dateModified\":\"2024-02-19T15:32:34+00:00\",\"breadcrumb\":{\"@id\":\"https:\/\/alness.expertmedia.be\/sitemap\/#breadcrumb\"},\"inLanguage\":\"fr-FR\",\"potentialAction\":[{\"@type\":\"ReadAction\",\"target\":[\"https:\/\/alness.expertmedia.be\/sitemap\/\"]}]},{\"@type\":\"BreadcrumbList\",\"@id\":\"https:\/\/alness.expertmedia.be\/sitemap\/#breadcrumb\",\"itemListElement\":[{\"@type\":\"ListItem\",\"position\":1,\"name\":\"Home\",\"item\":\"https:\/\/alness.expertmedia.be\/\"},{\"@type\":\"ListItem\",\"position\":2,\"name\":\"Sitemap\"}]},{\"@type\":\"WebSite\",\"@id\":\"https:\/\/alness.expertmedia.be\/#website\",\"url\":\"https:\/\/alness.expertmedia.be\/\",\"name\":\"Alness\",\"description\":\"Luxury Real Estate\",\"publisher\":{\"@id\":\"https:\/\/alness.expertmedia.be\/#organization\"},\"potentialAction\":[{\"@type\":\"SearchAction\",\"target\":{\"@type\":\"EntryPoint\",\"urlTemplate\":\"https:\/\/alness.expertmedia.be\/?s={search_term_string}\"},\"query-input\":{\"@type\":\"PropertyValueSpecification\",\"valueRequired\":true,\"valueName\":\"search_term_string\"}}],\"inLanguage\":\"fr-FR\"},{\"@type\":\"Organization\",\"@id\":\"https:\/\/alness.expertmedia.be\/#organization\",\"name\":\"Alness\",\"url\":\"https:\/\/alness.expertmedia.be\/\",\"logo\":{\"@type\":\"ImageObject\",\"inLanguage\":\"fr-FR\",\"@id\":\"https:\/\/alness.expertmedia.be\/#\/schema\/logo\/image\/\",\"url\":\"https:\/\/alness.expertmedia.be\/wp-content\/uploads\/2023\/07\/cropped-favicon.png\",\"contentUrl\":\"https:\/\/alness.expertmedia.be\/wp-content\/uploads\/2023\/07\/cropped-favicon.png\",\"width\":1018,\"height\":1018,\"caption\":\"Alness\"},\"image\":{\"@id\":\"https:\/\/alness.expertmedia.be\/#\/schema\/logo\/image\/\"}}]}<\/script>\n<!-- \/ Yoast SEO Premium plugin. -->","yoast_head_json":{"title":"Sitemap - Alness","robots":{"index":"index","follow":"follow","max-snippet":"max-snippet:-1","max-image-preview":"max-image-preview:large","max-video-preview":"max-video-preview:-1"},"canonical":"https:\/\/alness.expertmedia.be\/fr\/sitemap\/","og_locale":"fr_FR","og_type":"article","og_title":"Sitemap","og_url":"https:\/\/alness.expertmedia.be\/fr\/sitemap\/","og_site_name":"Alness","article_modified_time":"2024-02-19T15:32:34+00:00","twitter_card":"summary_large_image","schema":{"@context":"https:\/\/schema.org","@graph":[{"@type":"WebPage","@id":"https:\/\/alness.expertmedia.be\/sitemap\/","url":"https:\/\/alness.expertmedia.be\/sitemap\/","name":"Sitemap - Alness","isPartOf":{"@id":"https:\/\/alness.expertmedia.be\/#website"},"datePublished":"2023-07-10T08:37:52+00:00","dateModified":"2024-02-19T15:32:34+00:00","breadcrumb":{"@id":"https:\/\/alness.expertmedia.be\/sitemap\/#breadcrumb"},"inLanguage":"fr-FR","potentialAction":[{"@type":"ReadAction","target":["https:\/\/alness.expertmedia.be\/sitemap\/"]}]},{"@type":"BreadcrumbList","@id":"https:\/\/alness.expertmedia.be\/sitemap\/#breadcrumb","itemListElement":[{"@type":"ListItem","position":1,"name":"Home","item":"https:\/\/alness.expertmedia.be\/"},{"@type":"ListItem","position":2,"name":"Sitemap"}]},{"@type":"WebSite","@id":"https:\/\/alness.expertmedia.be\/#website","url":"https:\/\/alness.expertmedia.be\/","name":"Alness","description":"Immobilier de luxe","publisher":{"@id":"https:\/\/alness.expertmedia.be\/#organization"},"potentialAction":[{"@type":"SearchAction","target":{"@type":"EntryPoint","urlTemplate":"https:\/\/alness.expertmedia.be\/?s={search_term_string}"},"query-input":{"@type":"PropertyValueSpecification","valueRequired":true,"valueName":"search_term_string"}}],"inLanguage":"fr-FR"},{"@type":"Organization","@id":"https:\/\/alness.expertmedia.be\/#organization","name":"Alness","url":"https:\/\/alness.expertmedia.be\/","logo":{"@type":"ImageObject","inLanguage":"fr-FR","@id":"https:\/\/alness.expertmedia.be\/#\/schema\/logo\/image\/","url":"https:\/\/alness.expertmedia.be\/wp-content\/uploads\/2023\/07\/cropped-favicon.png","contentUrl":"https:\/\/alness.expertmedia.be\/wp-content\/uploads\/2023\/07\/cropped-favicon.png","width":1018,"height":1018,"caption":"Alness"},"image":{"@id":"https:\/\/alness.expertmedia.be\/#\/schema\/logo\/image\/"}}]}},"_links":{"self":[{"href":"https:\/\/alness.expertmedia.be\/fr\/wp-json\/wp\/v2\/pages\/7597","targetHints":{"allow":["GET"]}}],"collection":[{"href":"https:\/\/alness.expertmedia.be\/fr\/wp-json\/wp\/v2\/pages"}],"about":[{"href":"https:\/\/alness.expertmedia.be\/fr\/wp-json\/wp\/v2\/types\/page"}],"author":[{"embeddable":true,"href":"https:\/\/alness.expertmedia.be\/fr\/wp-json\/wp\/v2\/users\/2"}],"replies":[{"embeddable":true,"href":"https:\/\/alness.expertmedia.be\/fr\/wp-json\/wp\/v2\/comments?post=7597"}],"version-history":[{"count":0,"href":"https:\/\/alness.expertmedia.be\/fr\/wp-json\/wp\/v2\/pages\/7597\/revisions"}],"wp:attachment":[{"href":"https:\/\/alness.expertmedia.be\/fr\/wp-json\/wp\/v2\/media?parent=7597"}],"curies":[{"name":"wp","href":"https:\/\/api.w.org\/{rel}","templated":true}]}}