{"id":56,"date":"2023-01-26T10:51:41","date_gmt":"2023-01-26T10:51:41","guid":{"rendered":"https:\/\/alness.expertmedia.be\/?page_id=56"},"modified":"2023-08-01T16:37:21","modified_gmt":"2023-08-01T14:37:21","slug":"cookie-policy","status":"publish","type":"page","link":"https:\/\/alness.expertmedia.be\/fr\/cookie-policy\/","title":{"rendered":"Politique en mati\u00e8re de cookies"},"content":{"rendered":"<div data-elementor-type=\"wp-page\" data-elementor-id=\"56\" class=\"elementor elementor-56\" data-elementor-post-type=\"page\">\n\t\t\t\t\t\t<section class=\"elementor-section elementor-top-section elementor-element elementor-element-6e03bbce elementor-section-boxed elementor-section-height-default elementor-section-height-default\" data-id=\"6e03bbce\" data-element_type=\"section\" data-e-type=\"section\" data-settings=\"{&quot;jet_parallax_layout_list&quot;:[]}\">\n\t\t\t\t\t\t<div class=\"elementor-container elementor-column-gap-default\">\n\t\t\t\t\t<div class=\"elementor-column elementor-col-100 elementor-top-column elementor-element elementor-element-5bd44265\" data-id=\"5bd44265\" data-element_type=\"column\" data-e-type=\"column\">\n\t\t\t<div class=\"elementor-widget-wrap elementor-element-populated\">\n\t\t\t\t\t\t<div class=\"elementor-element elementor-element-875bf5f elementor-widget elementor-widget-text-editor\" data-id=\"875bf5f\" data-element_type=\"widget\" data-e-type=\"widget\" data-widget_type=\"text-editor.default\">\n\t\t\t\t<div class=\"elementor-widget-container\">\n\t\t\t\t\t\t\t\t\t<p><\/p>\n<p><em>Derni\u00e8re mise \u00e0 jour le 28-07-2023.<\/em><\/p>\n<h2 class=\"wp-block-heading\">1.     Bienvenue sur le site<\/h2>\n<p>Nous sommes Alness, une soci\u00e9t\u00e9 \u00e0 responsabilit\u00e9 limit\u00e9e, situ\u00e9e \u00e0 Camino El Reloj 43, B001, 29680 Urb. Ocean Hills Estepona, Espagne, sous le num\u00e9ro de soci\u00e9t\u00e9 ESB13984083.<\/p>\n<p>Dans la pr\u00e9sente politique en mati\u00e8re de cookies, nous expliquons quelles informations nous pouvons collecter sur notre site web \u00e0 l'aide de cookies et comment nous les utilisons pour am\u00e9liorer nos services.<\/p>\n<p>En utilisant notre site web, vous acceptez que nous utilisions des cookies.<\/p>\n<p>La pr\u00e9sente politique en mati\u00e8re de cookies fait partie int\u00e9grante de notre politique en mati\u00e8re de cookies.\u00a0<u>Conditions g\u00e9n\u00e9rales d'utilisation<\/u>.<\/p>\n<h2>2.     Cookies<\/h2>\n<p>An '<em>biscuit<\/em>Un \"cookie\" est un petit fichier de donn\u00e9es qui est temporairement plac\u00e9 sur votre ordinateur ou votre appareil mobile par une page internet lorsque vous visitez un site web. Un cookie nous permet d'identifier l'appareil que vous utilisez pour visiter notre site web, sans nous donner acc\u00e8s \u00e0 vos donn\u00e9es personnelles.<\/p>\n<p>Les cookies peuvent \u00eatre facilement supprim\u00e9s via les param\u00e8tres de votre navigateur. Vous pouvez \u00e9galement configurer votre navigateur de mani\u00e8re \u00e0 ce qu'il refuse les cookies. Toutefois, cela peut \u00e9ventuellement entraver l'utilisation de notre site web ou rendre l'acc\u00e8s \u00e0 certaines fonctionnalit\u00e9s impossible.<\/p>\n<p><\/p>\t\t\t\t\t\t\t\t<\/div>\n\t\t\t\t<\/div>\n\t\t\t\t\t<\/div>\n\t\t<\/div>\n\t\t\t\t\t<\/div>\n\t\t<\/section>\n\t\t<div class=\"elementor-element elementor-element-67a2182 e-flex e-con-boxed e-con e-parent\" data-id=\"67a2182\" data-element_type=\"container\" data-e-type=\"container\" data-settings=\"{&quot;jet_parallax_layout_list&quot;:[]}\">\n\t\t\t\t\t<div class=\"e-con-inner\">\n\t\t\t\t<div class=\"elementor-element elementor-element-03a2555 elementor-widget elementor-widget-html\" data-id=\"03a2555\" data-element_type=\"widget\" data-e-type=\"widget\" data-widget_type=\"html.default\">\n\t\t\t\t<div class=\"elementor-widget-container\">\n\t\t\t\t\t<script type=\"text\/javascript\" charset=\"UTF-8\"  data-cookiescriptreport=\"report\" src=\"\/\/report.cookie-script.com\/r\/e2e33041b5b01183cf6364659dd45ecd.js\"><\/script>\t\t\t\t<\/div>\n\t\t\t\t<\/div>\n\t\t\t\t\t<\/div>\n\t\t\t\t<\/div>\n\t\t\t\t<\/div>","protected":false},"excerpt":{"rendered":"<p>Laatst aangepast op 28-07-2023. 1.\u00a0\u00a0\u00a0\u00a0 Welkom Wij zijn Alness, een BV, gevestigd te Camino El Reloj 43, B001, 29680 Urb. Ocean Hills Estepona, Spanje, met ondernemingsnummer ESB13984083 In dit Cookiebeleid leggen we uit welke informatie wij kunnen verzamelen via onze website op basis van cookies en hoe wij deze gebruiken om onze dienstverlening te verbeteren. &hellip; <\/p>\n<p class=\"link-more\"><a href=\"https:\/\/alness.expertmedia.be\/fr\/cookie-policy\/\" class=\"more-link\">Lire la suite <span class=\"screen-reader-text\"> &#8220;Cookie Policy&#8221;<\/span><\/a><\/p>","protected":false},"author":2,"featured_media":0,"parent":0,"menu_order":10,"comment_status":"closed","ping_status":"open","template":"","meta":{"footnotes":""},"class_list":["post-56","page","type-page","status-publish","hentry"],"yoast_head":"<!-- This site is optimized with the Yoast SEO Premium plugin v26.9 (Yoast SEO v26.9) - https:\/\/yoast.com\/product\/yoast-seo-premium-wordpress\/ -->\n<title>Cookie Policy - Alness<\/title>\n<meta name=\"robots\" content=\"noindex, nofollow\" \/>\n<meta property=\"og:locale\" content=\"fr_FR\" \/>\n<meta property=\"og:type\" content=\"article\" \/>\n<meta property=\"og:title\" content=\"Cookie Policy\" \/>\n<meta property=\"og:description\" content=\"Laatst aangepast op 28-07-2023. 1.\u00a0\u00a0\u00a0\u00a0 Welkom Wij zijn Alness, een BV, gevestigd te Camino El Reloj 43, B001, 29680 Urb. Ocean Hills Estepona, Spanje, met ondernemingsnummer ESB13984083 In dit Cookiebeleid leggen we uit welke informatie wij kunnen verzamelen via onze website op basis van cookies en hoe wij deze gebruiken om onze dienstverlening te verbeteren. &hellip; Read More &quot;Cookie Policy&quot;\" \/>\n<meta property=\"og:url\" content=\"https:\/\/alness.expertmedia.be\/fr\/cookie-policy\/\" \/>\n<meta property=\"og:site_name\" content=\"Alness\" \/>\n<meta property=\"article:modified_time\" content=\"2023-08-01T14:37:21+00:00\" \/>\n<meta name=\"twitter:card\" content=\"summary_large_image\" \/>\n<meta name=\"twitter:label1\" content=\"Dur\u00e9e de lecture estim\u00e9e\" \/>\n\t<meta name=\"twitter:data1\" content=\"2 minutes\" \/>\n<script type=\"application\/ld+json\" class=\"yoast-schema-graph\">{\"@context\":\"https:\/\/schema.org\",\"@graph\":[{\"@type\":\"WebPage\",\"@id\":\"https:\/\/alness.expertmedia.be\/cookie-policy\/\",\"url\":\"https:\/\/alness.expertmedia.be\/cookie-policy\/\",\"name\":\"Cookie Policy - Alness\",\"isPartOf\":{\"@id\":\"https:\/\/alness.expertmedia.be\/#website\"},\"datePublished\":\"2023-01-26T10:51:41+00:00\",\"dateModified\":\"2023-08-01T14:37:21+00:00\",\"breadcrumb\":{\"@id\":\"https:\/\/alness.expertmedia.be\/cookie-policy\/#breadcrumb\"},\"inLanguage\":\"fr-FR\",\"potentialAction\":[{\"@type\":\"ReadAction\",\"target\":[\"https:\/\/alness.expertmedia.be\/cookie-policy\/\"]}]},{\"@type\":\"BreadcrumbList\",\"@id\":\"https:\/\/alness.expertmedia.be\/cookie-policy\/#breadcrumb\",\"itemListElement\":[{\"@type\":\"ListItem\",\"position\":1,\"name\":\"Home\",\"item\":\"https:\/\/alness.expertmedia.be\/\"},{\"@type\":\"ListItem\",\"position\":2,\"name\":\"Cookie Policy\"}]},{\"@type\":\"WebSite\",\"@id\":\"https:\/\/alness.expertmedia.be\/#website\",\"url\":\"https:\/\/alness.expertmedia.be\/\",\"name\":\"Alness\",\"description\":\"Luxury Real Estate\",\"publisher\":{\"@id\":\"https:\/\/alness.expertmedia.be\/#organization\"},\"potentialAction\":[{\"@type\":\"SearchAction\",\"target\":{\"@type\":\"EntryPoint\",\"urlTemplate\":\"https:\/\/alness.expertmedia.be\/?s={search_term_string}\"},\"query-input\":{\"@type\":\"PropertyValueSpecification\",\"valueRequired\":true,\"valueName\":\"search_term_string\"}}],\"inLanguage\":\"fr-FR\"},{\"@type\":\"Organization\",\"@id\":\"https:\/\/alness.expertmedia.be\/#organization\",\"name\":\"Alness\",\"url\":\"https:\/\/alness.expertmedia.be\/\",\"logo\":{\"@type\":\"ImageObject\",\"inLanguage\":\"fr-FR\",\"@id\":\"https:\/\/alness.expertmedia.be\/#\/schema\/logo\/image\/\",\"url\":\"https:\/\/alness.expertmedia.be\/wp-content\/uploads\/2023\/07\/cropped-favicon.png\",\"contentUrl\":\"https:\/\/alness.expertmedia.be\/wp-content\/uploads\/2023\/07\/cropped-favicon.png\",\"width\":1018,\"height\":1018,\"caption\":\"Alness\"},\"image\":{\"@id\":\"https:\/\/alness.expertmedia.be\/#\/schema\/logo\/image\/\"}}]}<\/script>\n<!-- \/ Yoast SEO Premium plugin. -->","yoast_head_json":{"title":"Cookie Policy - Alness","robots":{"index":"noindex","follow":"nofollow"},"og_locale":"fr_FR","og_type":"article","og_title":"Cookie Policy","og_description":"Laatst aangepast op 28-07-2023. 1.\u00a0\u00a0\u00a0\u00a0 Welkom Wij zijn Alness, een BV, gevestigd te Camino El Reloj 43, B001, 29680 Urb. Ocean Hills Estepona, Spanje, met ondernemingsnummer ESB13984083 In dit Cookiebeleid leggen we uit welke informatie wij kunnen verzamelen via onze website op basis van cookies en hoe wij deze gebruiken om onze dienstverlening te verbeteren. &hellip; Read More \"Cookie Policy\"","og_url":"https:\/\/alness.expertmedia.be\/fr\/cookie-policy\/","og_site_name":"Alness","article_modified_time":"2023-08-01T14:37:21+00:00","twitter_card":"summary_large_image","twitter_misc":{"Dur\u00e9e de lecture estim\u00e9e":"2 minutes"},"schema":{"@context":"https:\/\/schema.org","@graph":[{"@type":"WebPage","@id":"https:\/\/alness.expertmedia.be\/cookie-policy\/","url":"https:\/\/alness.expertmedia.be\/cookie-policy\/","name":"Cookie Policy - Alness","isPartOf":{"@id":"https:\/\/alness.expertmedia.be\/#website"},"datePublished":"2023-01-26T10:51:41+00:00","dateModified":"2023-08-01T14:37:21+00:00","breadcrumb":{"@id":"https:\/\/alness.expertmedia.be\/cookie-policy\/#breadcrumb"},"inLanguage":"fr-FR","potentialAction":[{"@type":"ReadAction","target":["https:\/\/alness.expertmedia.be\/cookie-policy\/"]}]},{"@type":"BreadcrumbList","@id":"https:\/\/alness.expertmedia.be\/cookie-policy\/#breadcrumb","itemListElement":[{"@type":"ListItem","position":1,"name":"Home","item":"https:\/\/alness.expertmedia.be\/"},{"@type":"ListItem","position":2,"name":"Cookie Policy"}]},{"@type":"WebSite","@id":"https:\/\/alness.expertmedia.be\/#website","url":"https:\/\/alness.expertmedia.be\/","name":"Alness","description":"Immobilier de luxe","publisher":{"@id":"https:\/\/alness.expertmedia.be\/#organization"},"potentialAction":[{"@type":"SearchAction","target":{"@type":"EntryPoint","urlTemplate":"https:\/\/alness.expertmedia.be\/?s={search_term_string}"},"query-input":{"@type":"PropertyValueSpecification","valueRequired":true,"valueName":"search_term_string"}}],"inLanguage":"fr-FR"},{"@type":"Organization","@id":"https:\/\/alness.expertmedia.be\/#organization","name":"Alness","url":"https:\/\/alness.expertmedia.be\/","logo":{"@type":"ImageObject","inLanguage":"fr-FR","@id":"https:\/\/alness.expertmedia.be\/#\/schema\/logo\/image\/","url":"https:\/\/alness.expertmedia.be\/wp-content\/uploads\/2023\/07\/cropped-favicon.png","contentUrl":"https:\/\/alness.expertmedia.be\/wp-content\/uploads\/2023\/07\/cropped-favicon.png","width":1018,"height":1018,"caption":"Alness"},"image":{"@id":"https:\/\/alness.expertmedia.be\/#\/schema\/logo\/image\/"}}]}},"_links":{"self":[{"href":"https:\/\/alness.expertmedia.be\/fr\/wp-json\/wp\/v2\/pages\/56","targetHints":{"allow":["GET"]}}],"collection":[{"href":"https:\/\/alness.expertmedia.be\/fr\/wp-json\/wp\/v2\/pages"}],"about":[{"href":"https:\/\/alness.expertmedia.be\/fr\/wp-json\/wp\/v2\/types\/page"}],"author":[{"embeddable":true,"href":"https:\/\/alness.expertmedia.be\/fr\/wp-json\/wp\/v2\/users\/2"}],"replies":[{"embeddable":true,"href":"https:\/\/alness.expertmedia.be\/fr\/wp-json\/wp\/v2\/comments?post=56"}],"version-history":[{"count":0,"href":"https:\/\/alness.expertmedia.be\/fr\/wp-json\/wp\/v2\/pages\/56\/revisions"}],"wp:attachment":[{"href":"https:\/\/alness.expertmedia.be\/fr\/wp-json\/wp\/v2\/media?parent=56"}],"curies":[{"name":"wp","href":"https:\/\/api.w.org\/{rel}","templated":true}]}}