{"id":368,"date":"2019-10-23T09:38:23","date_gmt":"2019-10-23T09:38:23","guid":{"rendered":"https:\/\/demo2wpopal.b-cdn.net\/rehomes\/?page_id=368"},"modified":"2023-08-07T11:29:04","modified_gmt":"2023-08-07T09:29:04","slug":"faq","status":"publish","type":"page","link":"https:\/\/alness.expertmedia.be\/fr\/faq\/","title":{"rendered":"Faq"},"content":{"rendered":"<div data-elementor-type=\"wp-page\" data-elementor-id=\"368\" class=\"elementor elementor-368\" data-elementor-post-type=\"page\">\n\t\t\t\t\t\t<section class=\"elementor-section elementor-top-section elementor-element elementor-element-80ccb28 elementor-section-stretched elementor-section-content-middle elementor-section-boxed elementor-section-height-default elementor-section-height-default\" data-id=\"80ccb28\" data-element_type=\"section\" data-e-type=\"section\" data-settings=\"{&quot;stretch_section&quot;:&quot;section-stretched&quot;,&quot;jet_parallax_layout_list&quot;:[]}\">\n\t\t\t\t\t\t<div class=\"elementor-container elementor-column-gap-no\">\n\t\t\t\t\t<div class=\"elementor-column elementor-col-50 elementor-top-column elementor-element elementor-element-f45c8bd\" data-id=\"f45c8bd\" data-element_type=\"column\" data-e-type=\"column\">\n\t\t\t<div class=\"elementor-widget-wrap elementor-element-populated\">\n\t\t\t\t\t\t<div class=\"elementor-element elementor-element-0db11bd animated-fast elementor-invisible elementor-widget elementor-widget-heading\" data-id=\"0db11bd\" data-element_type=\"widget\" data-e-type=\"widget\" data-settings=\"{&quot;_animation&quot;:&quot;opal-move-up&quot;}\" data-widget_type=\"heading.default\">\n\t\t\t\t<div class=\"elementor-widget-container\">\n\t\t\t\t\t<h2 class=\"elementor-heading-title elementor-size-default\">Questions g\u00e9n\u00e9rales<\/h2>\t\t\t\t<\/div>\n\t\t\t\t<\/div>\n\t\t\t\t<div class=\"elementor-element elementor-element-954e108 animated-fast elementor-invisible elementor-widget elementor-widget-accordion\" data-id=\"954e108\" data-element_type=\"widget\" data-e-type=\"widget\" data-settings=\"{&quot;_animation&quot;:&quot;opal-move-up&quot;}\" data-widget_type=\"accordion.default\">\n\t\t\t\t<div class=\"elementor-widget-container\">\n\t\t\t\t\t\t\t<div class=\"elementor-accordion\">\n\t\t\t\t\t\t\t<div class=\"elementor-accordion-item\">\n\t\t\t\t\t<h3 id=\"elementor-tab-title-1561\" class=\"elementor-tab-title\" data-tab=\"1\" role=\"button\" aria-controls=\"elementor-tab-content-1561\" aria-expanded=\"false\">\n\t\t\t\t\t\t\t\t\t\t\t\t\t<span class=\"elementor-accordion-icon elementor-accordion-icon-left\" aria-hidden=\"true\">\n\t\t\t\t\t\t\t\t\t\t\t\t\t\t\t<span class=\"elementor-accordion-icon-closed\"><i class=\"opal-icon- opal-icon-plus\"><\/i><\/span>\n\t\t\t\t\t\t\t\t<span class=\"elementor-accordion-icon-opened\"><i class=\"opal-icon- opal-icon-minus\"><\/i><\/span>\n\t\t\t\t\t\t\t\t\t\t\t\t\t\t<\/span>\n\t\t\t\t\t\t\t\t\t\t\t\t<a class=\"elementor-accordion-title\" tabindex=\"0\">Quels sont les co\u00fbts li\u00e9s \u00e0 l'achat d'une propri\u00e9t\u00e9 en Espagne ?<\/a>\n\t\t\t\t\t<\/h3>\n\t\t\t\t\t<div id=\"elementor-tab-content-1561\" class=\"elementor-tab-content elementor-clearfix\" data-tab=\"1\" role=\"region\" aria-labelledby=\"elementor-tab-title-1561\"><p>Le co\u00fbt de l'achat d'une propri\u00e9t\u00e9 en Espagne d\u00e9pend de plusieurs facteurs, tels que l'emplacement, la taille et l'\u00e9tat de la propri\u00e9t\u00e9. Les co\u00fbts les plus courants sont le prix d'achat du bien, les droits de mutation (ITP), les frais de notaire, les honoraires d'avocat et les droits d'enregistrement. Les droits de mutation varient selon les r\u00e9gions et peuvent s'\u00e9lever \u00e0 10% du prix d'achat. Les frais de notaire et d'avocat varient en fonction de la complexit\u00e9 de l'achat. Les droits d'enregistrement repr\u00e9sentent g\u00e9n\u00e9ralement environ 1% du prix d'achat.<\/p><\/div>\n\t\t\t\t<\/div>\n\t\t\t\t\t\t\t<div class=\"elementor-accordion-item\">\n\t\t\t\t\t<h3 id=\"elementor-tab-title-1562\" class=\"elementor-tab-title\" data-tab=\"2\" role=\"button\" aria-controls=\"elementor-tab-content-1562\" aria-expanded=\"false\">\n\t\t\t\t\t\t\t\t\t\t\t\t\t<span class=\"elementor-accordion-icon elementor-accordion-icon-left\" aria-hidden=\"true\">\n\t\t\t\t\t\t\t\t\t\t\t\t\t\t\t<span class=\"elementor-accordion-icon-closed\"><i class=\"opal-icon- opal-icon-plus\"><\/i><\/span>\n\t\t\t\t\t\t\t\t<span class=\"elementor-accordion-icon-opened\"><i class=\"opal-icon- opal-icon-minus\"><\/i><\/span>\n\t\t\t\t\t\t\t\t\t\t\t\t\t\t<\/span>\n\t\t\t\t\t\t\t\t\t\t\t\t<a class=\"elementor-accordion-title\" tabindex=\"0\">En tant qu'\u00e9tranger, puis-je obtenir un pr\u00eat hypoth\u00e9caire pour acheter une propri\u00e9t\u00e9 en Espagne ?<\/a>\n\t\t\t\t\t<\/h3>\n\t\t\t\t\t<div id=\"elementor-tab-content-1562\" class=\"elementor-tab-content elementor-clearfix\" data-tab=\"2\" role=\"region\" aria-labelledby=\"elementor-tab-title-1562\"><p>Oui, les \u00e9trangers peuvent obtenir un pr\u00eat hypoth\u00e9caire pour acheter une propri\u00e9t\u00e9 en Espagne. Les banques proposent des pr\u00eats hypoth\u00e9caires aux \u00e9trangers, mais les crit\u00e8res peuvent diff\u00e9rer de ceux des r\u00e9sidents espagnols. En g\u00e9n\u00e9ral, il est n\u00e9cessaire de d\u00e9montrer sa capacit\u00e9 \u00e0 rembourser le pr\u00eat hypoth\u00e9caire, souvent en fournissant des informations financi\u00e8res et des documents attestant d'un revenu stable.<\/p><\/div>\n\t\t\t\t<\/div>\n\t\t\t\t\t\t\t<div class=\"elementor-accordion-item\">\n\t\t\t\t\t<h3 id=\"elementor-tab-title-1563\" class=\"elementor-tab-title\" data-tab=\"3\" role=\"button\" aria-controls=\"elementor-tab-content-1563\" aria-expanded=\"false\">\n\t\t\t\t\t\t\t\t\t\t\t\t\t<span class=\"elementor-accordion-icon elementor-accordion-icon-left\" aria-hidden=\"true\">\n\t\t\t\t\t\t\t\t\t\t\t\t\t\t\t<span class=\"elementor-accordion-icon-closed\"><i class=\"opal-icon- opal-icon-plus\"><\/i><\/span>\n\t\t\t\t\t\t\t\t<span class=\"elementor-accordion-icon-opened\"><i class=\"opal-icon- opal-icon-minus\"><\/i><\/span>\n\t\t\t\t\t\t\t\t\t\t\t\t\t\t<\/span>\n\t\t\t\t\t\t\t\t\t\t\t\t<a class=\"elementor-accordion-title\" tabindex=\"0\">Qu'en est-il des taxes li\u00e9es \u00e0 la possession d'un bien immobilier en Espagne ?<\/a>\n\t\t\t\t\t<\/h3>\n\t\t\t\t\t<div id=\"elementor-tab-content-1563\" class=\"elementor-tab-content elementor-clearfix\" data-tab=\"3\" role=\"region\" aria-labelledby=\"elementor-tab-title-1563\"><p>En tant que propri\u00e9taire d'un bien immobilier en Espagne, vous \u00eates tenu de payer un imp\u00f4t annuel sur la valeur du bien. Il s'agit de l'IBI (Impuesto sobre Bienes Inmuebles). En outre, vous devez payer l'imp\u00f4t sur les revenus locatifs. Si vous vendez le bien, vous devrez \u00e9galement payer un imp\u00f4t sur les plus-values (Impuesto sobre Incremento de Patrimonio) sur le b\u00e9n\u00e9fice r\u00e9alis\u00e9 lors de la vente.<\/p><\/div>\n\t\t\t\t<\/div>\n\t\t\t\t\t\t\t<div class=\"elementor-accordion-item\">\n\t\t\t\t\t<h3 id=\"elementor-tab-title-1564\" class=\"elementor-tab-title\" data-tab=\"4\" role=\"button\" aria-controls=\"elementor-tab-content-1564\" aria-expanded=\"false\">\n\t\t\t\t\t\t\t\t\t\t\t\t\t<span class=\"elementor-accordion-icon elementor-accordion-icon-left\" aria-hidden=\"true\">\n\t\t\t\t\t\t\t\t\t\t\t\t\t\t\t<span class=\"elementor-accordion-icon-closed\"><i class=\"opal-icon- opal-icon-plus\"><\/i><\/span>\n\t\t\t\t\t\t\t\t<span class=\"elementor-accordion-icon-opened\"><i class=\"opal-icon- opal-icon-minus\"><\/i><\/span>\n\t\t\t\t\t\t\t\t\t\t\t\t\t\t<\/span>\n\t\t\t\t\t\t\t\t\t\t\t\t<a class=\"elementor-accordion-title\" tabindex=\"0\">Est-il judicieux d'acheter une propri\u00e9t\u00e9 en Espagne \u00e0 titre d'investissement ?<\/a>\n\t\t\t\t\t<\/h3>\n\t\t\t\t\t<div id=\"elementor-tab-content-1564\" class=\"elementor-tab-content elementor-clearfix\" data-tab=\"4\" role=\"region\" aria-labelledby=\"elementor-tab-title-1564\"><p>L'immobilier en Espagne peut \u00eatre un bon investissement, mais cela d\u00e9pend de vos objectifs et des conditions du march\u00e9. Le march\u00e9 de l'immobilier en Espagne s'est consid\u00e9rablement am\u00e9lior\u00e9 ces derni\u00e8res ann\u00e9es, mais il y a encore des r\u00e9gions o\u00f9 le march\u00e9 n'est pas aussi fort. Il est important de faire des recherches sur les diff\u00e9rentes r\u00e9gions et les tendances du march\u00e9 immobilier afin de d\u00e9terminer si l'achat d'un bien immobilier en tant qu'investissement vous convient.<\/p><\/div>\n\t\t\t\t<\/div>\n\t\t\t\t\t\t\t<div class=\"elementor-accordion-item\">\n\t\t\t\t\t<h3 id=\"elementor-tab-title-1565\" class=\"elementor-tab-title\" data-tab=\"5\" role=\"button\" aria-controls=\"elementor-tab-content-1565\" aria-expanded=\"false\">\n\t\t\t\t\t\t\t\t\t\t\t\t\t<span class=\"elementor-accordion-icon elementor-accordion-icon-left\" aria-hidden=\"true\">\n\t\t\t\t\t\t\t\t\t\t\t\t\t\t\t<span class=\"elementor-accordion-icon-closed\"><i class=\"opal-icon- opal-icon-plus\"><\/i><\/span>\n\t\t\t\t\t\t\t\t<span class=\"elementor-accordion-icon-opened\"><i class=\"opal-icon- opal-icon-minus\"><\/i><\/span>\n\t\t\t\t\t\t\t\t\t\t\t\t\t\t<\/span>\n\t\t\t\t\t\t\t\t\t\t\t\t<a class=\"elementor-accordion-title\" tabindex=\"0\">Quelles sont les r\u00e9gions d'Espagne les plus populaires pour l'achat d'une propri\u00e9t\u00e9 et pourquoi ?<\/a>\n\t\t\t\t\t<\/h3>\n\t\t\t\t\t<div id=\"elementor-tab-content-1565\" class=\"elementor-tab-content elementor-clearfix\" data-tab=\"5\" role=\"region\" aria-labelledby=\"elementor-tab-title-1565\"><p>Les r\u00e9gions les plus populaires pour acheter une propri\u00e9t\u00e9 en Espagne sont la Costa del Sol, la Costa Blanca et les \u00eeles Bal\u00e9ares. La Costa del Sol est appr\u00e9ci\u00e9e pour son climat chaud, ses plages et ses bonnes infrastructures. La Costa Blanca b\u00e9n\u00e9ficie \u00e9galement d'un climat agr\u00e9able et de belles plages, mais elle est g\u00e9n\u00e9ralement un peu moins ch\u00e8re que la Costa del Sol. Les \u00eeles Bal\u00e9ares, qui comprennent Majorque, Minorque et Ibiza, sont appr\u00e9ci\u00e9es pour la beaut\u00e9 de leur nature, leurs plages et leurs infrastructures.<\/p><\/div>\n\t\t\t\t<\/div>\n\t\t\t\t\t\t\t\t<\/div>\n\t\t\t\t\t\t<\/div>\n\t\t\t\t<\/div>\n\t\t\t\t\t<\/div>\n\t\t<\/div>\n\t\t\t\t<div class=\"elementor-column elementor-col-50 elementor-top-column elementor-element elementor-element-3613d8b animated-fast elementor-hidden-tablet elementor-hidden-mobile elementor-invisible\" data-id=\"3613d8b\" data-element_type=\"column\" data-e-type=\"column\" data-settings=\"{&quot;background_background&quot;:&quot;classic&quot;,&quot;animation&quot;:&quot;opal-move-up&quot;,&quot;animation_delay&quot;:150}\">\n\t\t\t<div class=\"elementor-widget-wrap elementor-element-populated\">\n\t\t\t\t\t\t<div class=\"elementor-element elementor-element-f963664 elementor-widget elementor-widget-spacer\" data-id=\"f963664\" data-element_type=\"widget\" data-e-type=\"widget\" data-widget_type=\"spacer.default\">\n\t\t\t\t<div class=\"elementor-widget-container\">\n\t\t\t\t\t\t\t<div class=\"elementor-spacer\">\n\t\t\t<div class=\"elementor-spacer-inner\"><\/div>\n\t\t<\/div>\n\t\t\t\t\t\t<\/div>\n\t\t\t\t<\/div>\n\t\t\t\t\t<\/div>\n\t\t<\/div>\n\t\t\t\t\t<\/div>\n\t\t<\/section>\n\t\t\t\t<\/div>","protected":false},"excerpt":{"rendered":"<p>Algemene vragen Wat zijn de kosten die gepaard gaan met het kopen van vastgoed in Spanje? De kosten voor het kopen van vastgoed in Spanje zijn afhankelijk van verschillende factoren, zoals de locatie, de grootte en de staat van het onroerend goed. De meest voorkomende kosten zijn de aankoopprijs van het onroerend goed, overdrachtsbelasting (ITP), &hellip; <\/p>\n<p class=\"link-more\"><a href=\"https:\/\/alness.expertmedia.be\/fr\/faq\/\" class=\"more-link\">Lire la suite <span class=\"screen-reader-text\"> &#8220;Faq&#8221;<\/span><\/a><\/p>","protected":false},"author":2,"featured_media":0,"parent":0,"menu_order":6,"comment_status":"closed","ping_status":"closed","template":"","meta":{"footnotes":""},"class_list":["post-368","page","type-page","status-publish","hentry"],"yoast_head":"<!-- This site is optimized with the Yoast SEO Premium plugin v26.9 (Yoast SEO v26.9) - https:\/\/yoast.com\/product\/yoast-seo-premium-wordpress\/ -->\n<title>Faq - Alness<\/title>\n<meta name=\"robots\" content=\"index, follow, max-snippet:-1, max-image-preview:large, max-video-preview:-1\" \/>\n<link rel=\"canonical\" href=\"https:\/\/alness.expertmedia.be\/fr\/faq\/\" \/>\n<meta property=\"og:locale\" content=\"fr_FR\" \/>\n<meta property=\"og:type\" content=\"article\" \/>\n<meta property=\"og:title\" content=\"Faq\" \/>\n<meta property=\"og:description\" content=\"Algemene vragen Wat zijn de kosten die gepaard gaan met het kopen van vastgoed in Spanje? De kosten voor het kopen van vastgoed in Spanje zijn afhankelijk van verschillende factoren, zoals de locatie, de grootte en de staat van het onroerend goed. De meest voorkomende kosten zijn de aankoopprijs van het onroerend goed, overdrachtsbelasting (ITP), &hellip; Read More &quot;Faq&quot;\" \/>\n<meta property=\"og:url\" content=\"https:\/\/alness.expertmedia.be\/fr\/faq\/\" \/>\n<meta property=\"og:site_name\" content=\"Alness\" \/>\n<meta property=\"article:modified_time\" content=\"2023-08-07T09:29:04+00:00\" \/>\n<meta name=\"twitter:card\" content=\"summary_large_image\" \/>\n<meta name=\"twitter:label1\" content=\"Dur\u00e9e de lecture estim\u00e9e\" \/>\n\t<meta name=\"twitter:data1\" content=\"3 minutes\" \/>\n<script type=\"application\/ld+json\" class=\"yoast-schema-graph\">{\"@context\":\"https:\/\/schema.org\",\"@graph\":[{\"@type\":\"WebPage\",\"@id\":\"https:\/\/alness.expertmedia.be\/faq\/\",\"url\":\"https:\/\/alness.expertmedia.be\/faq\/\",\"name\":\"Faq - Alness\",\"isPartOf\":{\"@id\":\"https:\/\/alness.expertmedia.be\/#website\"},\"datePublished\":\"2019-10-23T09:38:23+00:00\",\"dateModified\":\"2023-08-07T09:29:04+00:00\",\"breadcrumb\":{\"@id\":\"https:\/\/alness.expertmedia.be\/faq\/#breadcrumb\"},\"inLanguage\":\"fr-FR\",\"potentialAction\":[{\"@type\":\"ReadAction\",\"target\":[\"https:\/\/alness.expertmedia.be\/faq\/\"]}]},{\"@type\":\"BreadcrumbList\",\"@id\":\"https:\/\/alness.expertmedia.be\/faq\/#breadcrumb\",\"itemListElement\":[{\"@type\":\"ListItem\",\"position\":1,\"name\":\"Home\",\"item\":\"https:\/\/alness.expertmedia.be\/\"},{\"@type\":\"ListItem\",\"position\":2,\"name\":\"Faq\"}]},{\"@type\":\"WebSite\",\"@id\":\"https:\/\/alness.expertmedia.be\/#website\",\"url\":\"https:\/\/alness.expertmedia.be\/\",\"name\":\"Alness\",\"description\":\"Luxury Real Estate\",\"publisher\":{\"@id\":\"https:\/\/alness.expertmedia.be\/#organization\"},\"potentialAction\":[{\"@type\":\"SearchAction\",\"target\":{\"@type\":\"EntryPoint\",\"urlTemplate\":\"https:\/\/alness.expertmedia.be\/?s={search_term_string}\"},\"query-input\":{\"@type\":\"PropertyValueSpecification\",\"valueRequired\":true,\"valueName\":\"search_term_string\"}}],\"inLanguage\":\"fr-FR\"},{\"@type\":\"Organization\",\"@id\":\"https:\/\/alness.expertmedia.be\/#organization\",\"name\":\"Alness\",\"url\":\"https:\/\/alness.expertmedia.be\/\",\"logo\":{\"@type\":\"ImageObject\",\"inLanguage\":\"fr-FR\",\"@id\":\"https:\/\/alness.expertmedia.be\/#\/schema\/logo\/image\/\",\"url\":\"https:\/\/alness.expertmedia.be\/wp-content\/uploads\/2023\/07\/cropped-favicon.png\",\"contentUrl\":\"https:\/\/alness.expertmedia.be\/wp-content\/uploads\/2023\/07\/cropped-favicon.png\",\"width\":1018,\"height\":1018,\"caption\":\"Alness\"},\"image\":{\"@id\":\"https:\/\/alness.expertmedia.be\/#\/schema\/logo\/image\/\"}}]}<\/script>\n<!-- \/ Yoast SEO Premium plugin. -->","yoast_head_json":{"title":"Faq - Alness","robots":{"index":"index","follow":"follow","max-snippet":"max-snippet:-1","max-image-preview":"max-image-preview:large","max-video-preview":"max-video-preview:-1"},"canonical":"https:\/\/alness.expertmedia.be\/fr\/faq\/","og_locale":"fr_FR","og_type":"article","og_title":"Faq","og_description":"Algemene vragen Wat zijn de kosten die gepaard gaan met het kopen van vastgoed in Spanje? De kosten voor het kopen van vastgoed in Spanje zijn afhankelijk van verschillende factoren, zoals de locatie, de grootte en de staat van het onroerend goed. De meest voorkomende kosten zijn de aankoopprijs van het onroerend goed, overdrachtsbelasting (ITP), &hellip; Read More \"Faq\"","og_url":"https:\/\/alness.expertmedia.be\/fr\/faq\/","og_site_name":"Alness","article_modified_time":"2023-08-07T09:29:04+00:00","twitter_card":"summary_large_image","twitter_misc":{"Dur\u00e9e de lecture estim\u00e9e":"3 minutes"},"schema":{"@context":"https:\/\/schema.org","@graph":[{"@type":"WebPage","@id":"https:\/\/alness.expertmedia.be\/faq\/","url":"https:\/\/alness.expertmedia.be\/faq\/","name":"Faq - Alness","isPartOf":{"@id":"https:\/\/alness.expertmedia.be\/#website"},"datePublished":"2019-10-23T09:38:23+00:00","dateModified":"2023-08-07T09:29:04+00:00","breadcrumb":{"@id":"https:\/\/alness.expertmedia.be\/faq\/#breadcrumb"},"inLanguage":"fr-FR","potentialAction":[{"@type":"ReadAction","target":["https:\/\/alness.expertmedia.be\/faq\/"]}]},{"@type":"BreadcrumbList","@id":"https:\/\/alness.expertmedia.be\/faq\/#breadcrumb","itemListElement":[{"@type":"ListItem","position":1,"name":"Home","item":"https:\/\/alness.expertmedia.be\/"},{"@type":"ListItem","position":2,"name":"Faq"}]},{"@type":"WebSite","@id":"https:\/\/alness.expertmedia.be\/#website","url":"https:\/\/alness.expertmedia.be\/","name":"Alness","description":"Immobilier de luxe","publisher":{"@id":"https:\/\/alness.expertmedia.be\/#organization"},"potentialAction":[{"@type":"SearchAction","target":{"@type":"EntryPoint","urlTemplate":"https:\/\/alness.expertmedia.be\/?s={search_term_string}"},"query-input":{"@type":"PropertyValueSpecification","valueRequired":true,"valueName":"search_term_string"}}],"inLanguage":"fr-FR"},{"@type":"Organization","@id":"https:\/\/alness.expertmedia.be\/#organization","name":"Alness","url":"https:\/\/alness.expertmedia.be\/","logo":{"@type":"ImageObject","inLanguage":"fr-FR","@id":"https:\/\/alness.expertmedia.be\/#\/schema\/logo\/image\/","url":"https:\/\/alness.expertmedia.be\/wp-content\/uploads\/2023\/07\/cropped-favicon.png","contentUrl":"https:\/\/alness.expertmedia.be\/wp-content\/uploads\/2023\/07\/cropped-favicon.png","width":1018,"height":1018,"caption":"Alness"},"image":{"@id":"https:\/\/alness.expertmedia.be\/#\/schema\/logo\/image\/"}}]}},"_links":{"self":[{"href":"https:\/\/alness.expertmedia.be\/fr\/wp-json\/wp\/v2\/pages\/368","targetHints":{"allow":["GET"]}}],"collection":[{"href":"https:\/\/alness.expertmedia.be\/fr\/wp-json\/wp\/v2\/pages"}],"about":[{"href":"https:\/\/alness.expertmedia.be\/fr\/wp-json\/wp\/v2\/types\/page"}],"author":[{"embeddable":true,"href":"https:\/\/alness.expertmedia.be\/fr\/wp-json\/wp\/v2\/users\/2"}],"replies":[{"embeddable":true,"href":"https:\/\/alness.expertmedia.be\/fr\/wp-json\/wp\/v2\/comments?post=368"}],"version-history":[{"count":0,"href":"https:\/\/alness.expertmedia.be\/fr\/wp-json\/wp\/v2\/pages\/368\/revisions"}],"wp:attachment":[{"href":"https:\/\/alness.expertmedia.be\/fr\/wp-json\/wp\/v2\/media?parent=368"}],"curies":[{"name":"wp","href":"https:\/\/api.w.org\/{rel}","templated":true}]}}