{"id":20499,"date":"2025-06-10T15:29:18","date_gmt":"2025-06-10T13:29:18","guid":{"rendered":"https:\/\/alness.expertmedia.be\/sign-up\/"},"modified":"2025-06-10T15:29:18","modified_gmt":"2025-06-10T13:29:18","slug":"sign-up","status":"publish","type":"page","link":"https:\/\/alness.expertmedia.be\/fr\/sign-up\/","title":{"rendered":"S'inscrire"},"content":{"rendered":"<div class=\"es-auth js-es-auth content-font\">\n                    <div class=\"es-auth__item es-auth__login-buttons es-auth__item--hidden\">\n\t        <h3 class=\"heading-font\">S'identifier ou s'inscrire<\/h3>\n\t\n\t        <p>pour sauvegarder vos maisons pr\u00e9f\u00e9r\u00e9es et plus encore<\/p>\n\t\n\t\t\t\t\t\t\t        <a href=\"#\" data-auth-item=\"login-form\" class=\"js-es-auth-item__switcher es-btn es-btn--default es-btn--auth\">\n\t\t\tConnectez-vous avec e-mail\n        <\/a>\n\t\n\t        <p class=\"sign-in-text\">Vous n'avez pas de compte\u00a0? <a href=\"#\" data-auth-item=\"buyer-register-buttons\" class=\"js-es-auth-item__switcher\">S'inscrire<\/a><\/p>\n\t\n    <div class=\"es-space\"><\/div>\n<\/div>\n        <div class=\"es-auth__item js-es-auth__login-form es-auth__login-form es-auth__item--hidden\">\n\t        <h3 class=\"heading-font\">S'identifier ou s'inscrire<\/h3>\n\t\n\t        <p>pour sauvegarder vos maisons pr\u00e9f\u00e9r\u00e9es et plus encore<\/p>\n\t\n    <div class=\"all-login-back\">\n        <a href=\"#\" data-auth-item=\"login-buttons\" class=\"js-es-auth-item__switcher\">\n            <span class=\"es-icon es-icon_chevron-left\"><\/span>Toutes les options de connexion        <\/a>\n    <\/div>\n\n    <form action=\"\" method=\"POST\" data-trp-original-action=\"\">\n\t\t\n                               <div class='es-field es-field__es_user_login es-field--text'>\n                                   <label for='es_user_login-69d54d9bd1aa9'><span class='es-field__label'>Courriel<\/span><input id=\"es_user_login-69d54d9bd1aa9\" name=\"es_user_login\" class=\"es-field__input\" required=\"required\" autocomplete=\"username\" type=\"text\" value=\"\" \/><\/label>\n                               <\/div>\n                           \n                                   <div class='es-field es-field__es_user_password es-field--password'>\n                                       <label for='es_user_password-69d54d9bd2115'><span class='es-field__label'>Mot de passe<\/span><div class='es-input__wrap'><input id=\"es_user_password-69d54d9bd2115\" name=\"es_user_password\" class=\"es-field__input\" required=\"required\" autocomplete=\"current-password\" type=\"password\" value=\"\" \/><a href='#' aria-label='Show or Hide password' class='es-toggle-pwd js-es-toggle-pwd'><span class='es-icon es-icon_eye'><\/span><\/a><\/div><\/label>\n                                   <\/div>\n                                       <div class=\"forgot-pwd\">\n            <a href=\"#\" data-auth-item=\"reset-form\" class=\"js-es-auth-item__switcher\">Mot de passe oubli\u00e9?\n<\/a>\n        <\/div>\n\n\t\t        <input type=\"hidden\" name=\"uniqid\" value=\"69d54d9bd2135\"\/>\n\t\t<input type=\"hidden\" id=\"es_auth_nonce_69d54d9bd2135\" name=\"es_auth_nonce_69d54d9bd2135\" value=\"2eccb3ad69\" \/><input type=\"hidden\" name=\"_wp_http_referer\" value=\"\/fr\/wp-json\/wp\/v2\/pages\/20499\" \/>\t            <button type=\"submit\" class=\"es-btn es-btn--primary js-es-btn--login es-btn--login\" disabled>Connexion\n<\/button>\n    <input type=\"hidden\" name=\"trp-form-language\" value=\"fr\"\/><\/form>\n\n\t        <p class=\"sign-in-text\">Vous n'avez pas de compte\u00a0? <a href=\"#\" class=\"js-es-auth-item__switcher\" data-auth-item=\"buyer-register-buttons\">S'inscrire<\/a><\/p>\n\t    <div class=\"es-space\"><\/div>\n<\/div>\n        <div class=\"es-auth__item es-auth__reset-form es-auth__item--hidden\">\n    <h3 class=\"heading-font\">R\u00e9initialiser le mot de passe<\/h3>\n    <p>Entrez votre adresse e-mail et nous vous enverrons un lien pour changer votre mot de passe.<\/p>\n\n    <form action=\"\" method=\"POST\" data-trp-original-action=\"\">\n\t\t\n        <input type=\"hidden\" name=\"uniqid\" value=\"69d54d9bd2226\"\/>\n\n\t\t\t\t\t\n                               <div class='es-field es-field__es_user_email es-field--email'>\n                                   <label for='es_user_email-69d54d9bd2238'><span class='es-field__label'>Courriel<\/span><input id=\"es_user_email-69d54d9bd2238\" name=\"es_user_email\" class=\"es-field__input\" required=\"required\" autocomplete=\"username\" type=\"email\" value=\"\" \/><\/label>\n                               <\/div>\n                           \t\t\t<input type=\"hidden\" id=\"es_retrieve_pwd_nonce_69d54d9bd2226\" name=\"es_retrieve_pwd_nonce_69d54d9bd2226\" value=\"d84f162d3e\" \/><input type=\"hidden\" name=\"_wp_http_referer\" value=\"\/fr\/wp-json\/wp\/v2\/pages\/20499\" \/>\t\t\t            <button type=\"submit\" class=\"es-btn es-btn--primary es-btn--reset\">Envoyer le lien de r\u00e9initialisation<\/button>\n\t\t\n        <div><a href=\"#\" data-auth-item=\"login-buttons\" class=\"js-es-auth-item__switcher login-back\"><span class=\"es-icon es-icon_chevron-left\"><\/span>Retour \u00e0 la connexion<\/a><\/div>\n    <input type=\"hidden\" name=\"trp-form-language\" value=\"fr\"\/><\/form>\n    <div class=\"es-space\"><\/div>\n<\/div>\n\t                <div class=\"es-auth__item es-auth__buyer-register-buttons\">\n\t        <h3 class=\"heading-font\">Commencez \u00e0 utiliser votre compte<\/h3>\n\t\n\t        <p>pour sauvegarder vos maisons pr\u00e9f\u00e9r\u00e9es et plus encore<\/p>\n\t\n\t\t\t\t\t\t\t        <a href=\"#\" data-auth-item=\"buyer-register-form\" class=\"js-es-auth-item__switcher es-btn es-btn--default es-btn--auth\">Inscrivez-vous avec l'adresse e-mail<\/a>\n\t\n    <p class=\"sign-in-text\">Vous avez d\u00e9j\u00e0 un compte? <a href=\"#\" data-auth-item=\"login-buttons\" class=\"js-es-auth-item__switcher\">S'identifier<\/a><\/p>\n    <div class=\"es-space\"><\/div>\n<\/div>\n            <div class=\"es-auth__item es-auth__buyer-register-form es-auth__item--hidden\">\n\t        <h3 class=\"heading-font\">Commencez \u00e0 utiliser votre compte<\/h3>\n\t\n\t        <p>pour sauvegarder vos maisons pr\u00e9f\u00e9r\u00e9es et plus encore<\/p>\n\t\n    <div class=\"all-login-back\">\n        <a href=\"#\" class=\"js-es-auth-item__switcher\" data-auth-item=\"buyer-register-buttons\">\n            <span class=\"es-icon es-icon_chevron-left\"><\/span>Toutes les options d'inscription        <\/a>\n    <\/div>\n\n    <form action=\"\" method=\"POST\" data-trp-original-action=\"\">\n\t\t        <input type=\"hidden\" name=\"uniqid\" value=\"69d54d9bd2362\"\/>\n        <input type=\"hidden\" id=\"es_register_nonce_69d54d9bd2362\" name=\"es_register_nonce_69d54d9bd2362\" value=\"cbdbd33374\" \/><input type=\"hidden\" name=\"_wp_http_referer\" value=\"\/fr\/wp-json\/wp\/v2\/pages\/20499\" \/><input id=\"redirect_url-69d54d9bd237e\" name=\"redirect_url\" class=\"es-field__input\" type=\"hidden\" \/><input id=\"es_type-69d54d9bd2394\" name=\"es_type\" class=\"es-field__input\" type=\"hidden\" value=\"buyer\" \/>\n                               <div class='es-field es-field__es_extra_info es-field--text'>\n                                   <label for='es_extra_info-69d54d9bd23a2'><input id=\"es_extra_info-69d54d9bd23a2\" name=\"es_extra_info\" class=\"es-field__input\" type=\"text\" value=\"\" \/><\/label>\n                               <\/div>\n                           \n                               <div class='es-field es-field__es_user_email es-field--email'>\n                                   <label for='es_user_email-69d54d9bd23c5'><span class='es-field__label'>Courriel<\/span><input id=\"es_user_email-69d54d9bd23c5\" name=\"es_user_email\" class=\"es-field__input\" required=\"required\" autocomplete=\"username\" type=\"email\" value=\"\" \/><p class='es-field__description'>Vous l'utiliserez pour vous connecter et nous l'utiliserons pour vous contacter.<\/p><\/label>\n                               <\/div>\n                           \n                                   <div class='es-field es-field__es_user_password es-field--password'>\n                                       <label for='es_user_password-69d54d9bd23e8'><span class='es-field__label'>Mot de passe<\/span><div class='es-input__wrap'><input id=\"es_user_password-69d54d9bd23e8\" name=\"es_user_password\" class=\"js-es-password-field es-field__input\" required=\"required\" minlength=\"8\" autocomplete=\"new-password\" type=\"password\" value=\"\" \/><a href='#' aria-label='Show or Hide password' class='es-toggle-pwd js-es-toggle-pwd'><span class='es-icon es-icon_eye'><\/span><\/a><\/div><p class='es-field__description'><ul class='es-field__validate-list'>\n                                <li class='es-validate-item es-validate-item__contain'>Ne peut pas contenir le nom ou l'adresse e-mail<\/li>\n                                <li class='es-validate-item es-validate-item__length'>Au moins 8 caract\u00e8res<\/li>\n                                <li class='es-validate-item es-validate-item__char'>Contient un chiffre ou un symbole<\/li>\n                            <\/ul><\/p><\/label>\n                                   <\/div>\n                               \n\t                        <input type=\"hidden\" name=\"g-recaptcha-response\" id=\"recaptchaResponse-69d54d9bd245b\"\/>\n\t\t\t\t\t\n        <button type=\"submit\" disabled class=\"es-btn es-btn--primary es-btn--signup\">S'inscrire<\/button>\n\t\t<div class='es-privacy-policy-container'><div class='es-terms-text'>By clicking the \u00abS'INSCRIRE\u00bb button you agree to the Conditions d'utilisation and Politique de confidentialit\u00e9<\/div><\/div>        <p class=\"sign-in-text\">Vous avez d\u00e9j\u00e0 un compte? <a href=\"#\" class=\"js-es-auth-item__switcher\" data-auth-item=\"login-buttons\">S'identifier<\/a><\/p>\n    <input type=\"hidden\" name=\"trp-form-language\" value=\"fr\"\/><\/form>\n    <div class=\"es-space\"><\/div>\n<\/div>\n            \n    <div class='es-powered content-font'>Powered by <a target='_blank' href='https:\/\/estatik.net'>Estatik<\/a><\/div><\/div>","protected":false},"excerpt":{"rendered":"","protected":false},"author":13,"featured_media":0,"parent":0,"menu_order":-6,"comment_status":"closed","ping_status":"closed","template":"","meta":{"footnotes":""},"class_list":["post-20499","page","type-page","status-publish","hentry"],"yoast_head":"<!-- This site is optimized with the Yoast SEO Premium plugin v26.9 (Yoast SEO v26.9) - https:\/\/yoast.com\/product\/yoast-seo-premium-wordpress\/ -->\n<title>Sign up - Alness<\/title>\n<meta name=\"robots\" content=\"index, follow, max-snippet:-1, max-image-preview:large, max-video-preview:-1\" \/>\n<link rel=\"canonical\" href=\"https:\/\/alness.expertmedia.be\/fr\/sign-up\/\" \/>\n<meta property=\"og:locale\" content=\"fr_FR\" \/>\n<meta property=\"og:type\" content=\"article\" \/>\n<meta property=\"og:title\" content=\"Sign up\" \/>\n<meta property=\"og:url\" content=\"https:\/\/alness.expertmedia.be\/fr\/sign-up\/\" \/>\n<meta property=\"og:site_name\" content=\"Alness\" \/>\n<meta name=\"twitter:card\" content=\"summary_large_image\" \/>\n<script type=\"application\/ld+json\" class=\"yoast-schema-graph\">{\"@context\":\"https:\/\/schema.org\",\"@graph\":[{\"@type\":\"WebPage\",\"@id\":\"https:\/\/alness.expertmedia.be\/sign-up\/\",\"url\":\"https:\/\/alness.expertmedia.be\/sign-up\/\",\"name\":\"Sign up - Alness\",\"isPartOf\":{\"@id\":\"https:\/\/alness.expertmedia.be\/#website\"},\"datePublished\":\"2025-06-10T13:29:18+00:00\",\"breadcrumb\":{\"@id\":\"https:\/\/alness.expertmedia.be\/sign-up\/#breadcrumb\"},\"inLanguage\":\"fr-FR\",\"potentialAction\":[{\"@type\":\"ReadAction\",\"target\":[\"https:\/\/alness.expertmedia.be\/sign-up\/\"]}]},{\"@type\":\"BreadcrumbList\",\"@id\":\"https:\/\/alness.expertmedia.be\/sign-up\/#breadcrumb\",\"itemListElement\":[{\"@type\":\"ListItem\",\"position\":1,\"name\":\"Home\",\"item\":\"https:\/\/alness.expertmedia.be\/\"},{\"@type\":\"ListItem\",\"position\":2,\"name\":\"Sign up\"}]},{\"@type\":\"WebSite\",\"@id\":\"https:\/\/alness.expertmedia.be\/#website\",\"url\":\"https:\/\/alness.expertmedia.be\/\",\"name\":\"Alness\",\"description\":\"Luxury Real Estate\",\"publisher\":{\"@id\":\"https:\/\/alness.expertmedia.be\/#organization\"},\"potentialAction\":[{\"@type\":\"SearchAction\",\"target\":{\"@type\":\"EntryPoint\",\"urlTemplate\":\"https:\/\/alness.expertmedia.be\/?s={search_term_string}\"},\"query-input\":{\"@type\":\"PropertyValueSpecification\",\"valueRequired\":true,\"valueName\":\"search_term_string\"}}],\"inLanguage\":\"fr-FR\"},{\"@type\":\"Organization\",\"@id\":\"https:\/\/alness.expertmedia.be\/#organization\",\"name\":\"Alness\",\"url\":\"https:\/\/alness.expertmedia.be\/\",\"logo\":{\"@type\":\"ImageObject\",\"inLanguage\":\"fr-FR\",\"@id\":\"https:\/\/alness.expertmedia.be\/#\/schema\/logo\/image\/\",\"url\":\"https:\/\/alness.expertmedia.be\/wp-content\/uploads\/2023\/07\/cropped-favicon.png\",\"contentUrl\":\"https:\/\/alness.expertmedia.be\/wp-content\/uploads\/2023\/07\/cropped-favicon.png\",\"width\":1018,\"height\":1018,\"caption\":\"Alness\"},\"image\":{\"@id\":\"https:\/\/alness.expertmedia.be\/#\/schema\/logo\/image\/\"}}]}<\/script>\n<!-- \/ Yoast SEO Premium plugin. -->","yoast_head_json":{"title":"Sign up - Alness","robots":{"index":"index","follow":"follow","max-snippet":"max-snippet:-1","max-image-preview":"max-image-preview:large","max-video-preview":"max-video-preview:-1"},"canonical":"https:\/\/alness.expertmedia.be\/fr\/sign-up\/","og_locale":"fr_FR","og_type":"article","og_title":"Sign up","og_url":"https:\/\/alness.expertmedia.be\/fr\/sign-up\/","og_site_name":"Alness","twitter_card":"summary_large_image","schema":{"@context":"https:\/\/schema.org","@graph":[{"@type":"WebPage","@id":"https:\/\/alness.expertmedia.be\/sign-up\/","url":"https:\/\/alness.expertmedia.be\/sign-up\/","name":"Sign up - Alness","isPartOf":{"@id":"https:\/\/alness.expertmedia.be\/#website"},"datePublished":"2025-06-10T13:29:18+00:00","breadcrumb":{"@id":"https:\/\/alness.expertmedia.be\/sign-up\/#breadcrumb"},"inLanguage":"fr-FR","potentialAction":[{"@type":"ReadAction","target":["https:\/\/alness.expertmedia.be\/sign-up\/"]}]},{"@type":"BreadcrumbList","@id":"https:\/\/alness.expertmedia.be\/sign-up\/#breadcrumb","itemListElement":[{"@type":"ListItem","position":1,"name":"Home","item":"https:\/\/alness.expertmedia.be\/"},{"@type":"ListItem","position":2,"name":"Sign up"}]},{"@type":"WebSite","@id":"https:\/\/alness.expertmedia.be\/#website","url":"https:\/\/alness.expertmedia.be\/","name":"Alness","description":"Immobilier de luxe","publisher":{"@id":"https:\/\/alness.expertmedia.be\/#organization"},"potentialAction":[{"@type":"SearchAction","target":{"@type":"EntryPoint","urlTemplate":"https:\/\/alness.expertmedia.be\/?s={search_term_string}"},"query-input":{"@type":"PropertyValueSpecification","valueRequired":true,"valueName":"search_term_string"}}],"inLanguage":"fr-FR"},{"@type":"Organization","@id":"https:\/\/alness.expertmedia.be\/#organization","name":"Alness","url":"https:\/\/alness.expertmedia.be\/","logo":{"@type":"ImageObject","inLanguage":"fr-FR","@id":"https:\/\/alness.expertmedia.be\/#\/schema\/logo\/image\/","url":"https:\/\/alness.expertmedia.be\/wp-content\/uploads\/2023\/07\/cropped-favicon.png","contentUrl":"https:\/\/alness.expertmedia.be\/wp-content\/uploads\/2023\/07\/cropped-favicon.png","width":1018,"height":1018,"caption":"Alness"},"image":{"@id":"https:\/\/alness.expertmedia.be\/#\/schema\/logo\/image\/"}}]}},"_links":{"self":[{"href":"https:\/\/alness.expertmedia.be\/fr\/wp-json\/wp\/v2\/pages\/20499","targetHints":{"allow":["GET"]}}],"collection":[{"href":"https:\/\/alness.expertmedia.be\/fr\/wp-json\/wp\/v2\/pages"}],"about":[{"href":"https:\/\/alness.expertmedia.be\/fr\/wp-json\/wp\/v2\/types\/page"}],"author":[{"embeddable":true,"href":"https:\/\/alness.expertmedia.be\/fr\/wp-json\/wp\/v2\/users\/13"}],"replies":[{"embeddable":true,"href":"https:\/\/alness.expertmedia.be\/fr\/wp-json\/wp\/v2\/comments?post=20499"}],"version-history":[{"count":0,"href":"https:\/\/alness.expertmedia.be\/fr\/wp-json\/wp\/v2\/pages\/20499\/revisions"}],"wp:attachment":[{"href":"https:\/\/alness.expertmedia.be\/fr\/wp-json\/wp\/v2\/media?parent=20499"}],"curies":[{"name":"wp","href":"https:\/\/api.w.org\/{rel}","templated":true}]}}