{"id":12559,"date":"2025-06-04T16:41:09","date_gmt":"2025-06-04T14:41:09","guid":{"rendered":"https:\/\/alness.expertmedia.be\/?page_id=12559"},"modified":"2025-06-04T16:46:13","modified_gmt":"2025-06-04T14:46:13","slug":"bedankt-prospectietrip","status":"publish","type":"page","link":"https:\/\/alness.expertmedia.be\/fr\/bedankt-prospectietrip\/","title":{"rendered":"Merci voyage de prospection"},"content":{"rendered":"<div data-elementor-type=\"wp-page\" data-elementor-id=\"12559\" class=\"elementor elementor-12559\" data-elementor-post-type=\"page\">\n\t\t\t\t<div class=\"elementor-element elementor-element-a2a7dc3 e-flex e-con-boxed e-con e-parent\" data-id=\"a2a7dc3\" data-element_type=\"container\" data-e-type=\"container\" data-settings=\"{&quot;jet_parallax_layout_list&quot;:[]}\">\n\t\t\t\t\t<div class=\"e-con-inner\">\n\t\t\t\t<div class=\"elementor-element elementor-element-bcbf307 elementor-widget elementor-widget-text-editor\" data-id=\"bcbf307\" data-element_type=\"widget\" data-e-type=\"widget\" data-widget_type=\"text-editor.default\">\n\t\t\t\t<div class=\"elementor-widget-container\">\n\t\t\t\t\t\t\t\t\t<p>Nous avons bien re\u00e7u votre message et nous vous contacterons d\u00e8s que possible.<\/p><p>Pendant que vous attendez, profitez du soleil espagnol gr\u00e2ce \u00e0 notre <a href=\"https:\/\/www.instagram.com\/alness_luxuryrealestate\/\">sociaux<\/a>.<\/p><p>Salutations, Vanessa<\/p>\t\t\t\t\t\t\t\t<\/div>\n\t\t\t\t<\/div>\n\t\t\t\t\t<\/div>\n\t\t\t\t<\/div>\n\t\t<div class=\"elementor-element elementor-element-d7bc5f5 e-flex e-con-boxed e-con e-parent\" data-id=\"d7bc5f5\" data-element_type=\"container\" data-e-type=\"container\" data-settings=\"{&quot;jet_parallax_layout_list&quot;:[]}\">\n\t\t\t\t\t<div class=\"e-con-inner\">\n\t\t\t\t<div class=\"elementor-element elementor-element-695fdb3 elementor-widget elementor-widget-heading\" data-id=\"695fdb3\" data-element_type=\"widget\" data-e-type=\"widget\" data-widget_type=\"heading.default\">\n\t\t\t\t<div class=\"elementor-widget-container\">\n\t\t\t\t\t<p class=\"elementor-heading-title elementor-size-default\">D\u00e9couvrez la maison de vos r\u00eaves sur la Costa del Sol ! Notre \u00e9quipe vous r\u00e9pondra dans les plus brefs d\u00e9lais.<\/p>\t\t\t\t<\/div>\n\t\t\t\t<\/div>\n\t\t\t\t\t<\/div>\n\t\t\t\t<\/div>\n\t\t\t\t<\/div>","protected":false},"excerpt":{"rendered":"<p>We hebben je bericht goed ontvangen en nemen zo snel mogelijk contact met je op. Geniet terwijl je wacht alvast van een voorproefje van de Spaanse zon via onze socials. Groetjes, Vanessa Ontdek je droom ter plaatse aan de Costa del Sol! Ons team neemt zo snel mogelijk contact met je op.<\/p>","protected":false},"author":4,"featured_media":0,"parent":0,"menu_order":18,"comment_status":"closed","ping_status":"closed","template":"","meta":{"footnotes":""},"class_list":["post-12559","page","type-page","status-publish","hentry"],"yoast_head":"<!-- This site is optimized with the Yoast SEO Premium plugin v26.9 (Yoast SEO v26.9) - https:\/\/yoast.com\/product\/yoast-seo-premium-wordpress\/ -->\n<title>Bedankt prospectietrip - Alness<\/title>\n<meta name=\"robots\" content=\"index, follow, max-snippet:-1, max-image-preview:large, max-video-preview:-1\" \/>\n<link rel=\"canonical\" href=\"https:\/\/alness.expertmedia.be\/fr\/bedankt-prospectietrip\/\" \/>\n<meta property=\"og:locale\" content=\"fr_FR\" \/>\n<meta property=\"og:type\" content=\"article\" \/>\n<meta property=\"og:title\" content=\"Bedankt prospectietrip\" \/>\n<meta property=\"og:description\" content=\"We hebben je bericht goed ontvangen en nemen zo snel mogelijk contact met je op. Geniet terwijl je wacht alvast van een voorproefje van de Spaanse zon via onze socials. Groetjes, Vanessa Ontdek je droom ter plaatse aan de Costa del Sol! Ons team neemt zo snel mogelijk contact met je op.\" \/>\n<meta property=\"og:url\" content=\"https:\/\/alness.expertmedia.be\/fr\/bedankt-prospectietrip\/\" \/>\n<meta property=\"og:site_name\" content=\"Alness\" \/>\n<meta property=\"article:modified_time\" content=\"2025-06-04T14:46:13+00:00\" \/>\n<meta name=\"twitter:card\" content=\"summary_large_image\" \/>\n<meta name=\"twitter:label1\" content=\"Dur\u00e9e de lecture estim\u00e9e\" \/>\n\t<meta name=\"twitter:data1\" content=\"1 minute\" \/>\n<script type=\"application\/ld+json\" class=\"yoast-schema-graph\">{\"@context\":\"https:\/\/schema.org\",\"@graph\":[{\"@type\":\"WebPage\",\"@id\":\"https:\/\/alness.expertmedia.be\/bedankt-prospectietrip\/\",\"url\":\"https:\/\/alness.expertmedia.be\/bedankt-prospectietrip\/\",\"name\":\"Bedankt prospectietrip - Alness\",\"isPartOf\":{\"@id\":\"https:\/\/alness.expertmedia.be\/#website\"},\"datePublished\":\"2025-06-04T14:41:09+00:00\",\"dateModified\":\"2025-06-04T14:46:13+00:00\",\"breadcrumb\":{\"@id\":\"https:\/\/alness.expertmedia.be\/bedankt-prospectietrip\/#breadcrumb\"},\"inLanguage\":\"fr-FR\",\"potentialAction\":[{\"@type\":\"ReadAction\",\"target\":[\"https:\/\/alness.expertmedia.be\/bedankt-prospectietrip\/\"]}]},{\"@type\":\"BreadcrumbList\",\"@id\":\"https:\/\/alness.expertmedia.be\/bedankt-prospectietrip\/#breadcrumb\",\"itemListElement\":[{\"@type\":\"ListItem\",\"position\":1,\"name\":\"Home\",\"item\":\"https:\/\/alness.expertmedia.be\/\"},{\"@type\":\"ListItem\",\"position\":2,\"name\":\"Bedankt prospectietrip\"}]},{\"@type\":\"WebSite\",\"@id\":\"https:\/\/alness.expertmedia.be\/#website\",\"url\":\"https:\/\/alness.expertmedia.be\/\",\"name\":\"Alness\",\"description\":\"Luxury Real Estate\",\"publisher\":{\"@id\":\"https:\/\/alness.expertmedia.be\/#organization\"},\"potentialAction\":[{\"@type\":\"SearchAction\",\"target\":{\"@type\":\"EntryPoint\",\"urlTemplate\":\"https:\/\/alness.expertmedia.be\/?s={search_term_string}\"},\"query-input\":{\"@type\":\"PropertyValueSpecification\",\"valueRequired\":true,\"valueName\":\"search_term_string\"}}],\"inLanguage\":\"fr-FR\"},{\"@type\":\"Organization\",\"@id\":\"https:\/\/alness.expertmedia.be\/#organization\",\"name\":\"Alness\",\"url\":\"https:\/\/alness.expertmedia.be\/\",\"logo\":{\"@type\":\"ImageObject\",\"inLanguage\":\"fr-FR\",\"@id\":\"https:\/\/alness.expertmedia.be\/#\/schema\/logo\/image\/\",\"url\":\"https:\/\/alness.expertmedia.be\/wp-content\/uploads\/2023\/07\/cropped-favicon.png\",\"contentUrl\":\"https:\/\/alness.expertmedia.be\/wp-content\/uploads\/2023\/07\/cropped-favicon.png\",\"width\":1018,\"height\":1018,\"caption\":\"Alness\"},\"image\":{\"@id\":\"https:\/\/alness.expertmedia.be\/#\/schema\/logo\/image\/\"}}]}<\/script>\n<!-- \/ Yoast SEO Premium plugin. -->","yoast_head_json":{"title":"Bedankt prospectietrip - Alness","robots":{"index":"index","follow":"follow","max-snippet":"max-snippet:-1","max-image-preview":"max-image-preview:large","max-video-preview":"max-video-preview:-1"},"canonical":"https:\/\/alness.expertmedia.be\/fr\/bedankt-prospectietrip\/","og_locale":"fr_FR","og_type":"article","og_title":"Bedankt prospectietrip","og_description":"We hebben je bericht goed ontvangen en nemen zo snel mogelijk contact met je op. Geniet terwijl je wacht alvast van een voorproefje van de Spaanse zon via onze socials. Groetjes, Vanessa Ontdek je droom ter plaatse aan de Costa del Sol! Ons team neemt zo snel mogelijk contact met je op.","og_url":"https:\/\/alness.expertmedia.be\/fr\/bedankt-prospectietrip\/","og_site_name":"Alness","article_modified_time":"2025-06-04T14:46:13+00:00","twitter_card":"summary_large_image","twitter_misc":{"Dur\u00e9e de lecture estim\u00e9e":"1 minute"},"schema":{"@context":"https:\/\/schema.org","@graph":[{"@type":"WebPage","@id":"https:\/\/alness.expertmedia.be\/bedankt-prospectietrip\/","url":"https:\/\/alness.expertmedia.be\/bedankt-prospectietrip\/","name":"Bedankt prospectietrip - Alness","isPartOf":{"@id":"https:\/\/alness.expertmedia.be\/#website"},"datePublished":"2025-06-04T14:41:09+00:00","dateModified":"2025-06-04T14:46:13+00:00","breadcrumb":{"@id":"https:\/\/alness.expertmedia.be\/bedankt-prospectietrip\/#breadcrumb"},"inLanguage":"fr-FR","potentialAction":[{"@type":"ReadAction","target":["https:\/\/alness.expertmedia.be\/bedankt-prospectietrip\/"]}]},{"@type":"BreadcrumbList","@id":"https:\/\/alness.expertmedia.be\/bedankt-prospectietrip\/#breadcrumb","itemListElement":[{"@type":"ListItem","position":1,"name":"Home","item":"https:\/\/alness.expertmedia.be\/"},{"@type":"ListItem","position":2,"name":"Bedankt prospectietrip"}]},{"@type":"WebSite","@id":"https:\/\/alness.expertmedia.be\/#website","url":"https:\/\/alness.expertmedia.be\/","name":"Alness","description":"Immobilier de luxe","publisher":{"@id":"https:\/\/alness.expertmedia.be\/#organization"},"potentialAction":[{"@type":"SearchAction","target":{"@type":"EntryPoint","urlTemplate":"https:\/\/alness.expertmedia.be\/?s={search_term_string}"},"query-input":{"@type":"PropertyValueSpecification","valueRequired":true,"valueName":"search_term_string"}}],"inLanguage":"fr-FR"},{"@type":"Organization","@id":"https:\/\/alness.expertmedia.be\/#organization","name":"Alness","url":"https:\/\/alness.expertmedia.be\/","logo":{"@type":"ImageObject","inLanguage":"fr-FR","@id":"https:\/\/alness.expertmedia.be\/#\/schema\/logo\/image\/","url":"https:\/\/alness.expertmedia.be\/wp-content\/uploads\/2023\/07\/cropped-favicon.png","contentUrl":"https:\/\/alness.expertmedia.be\/wp-content\/uploads\/2023\/07\/cropped-favicon.png","width":1018,"height":1018,"caption":"Alness"},"image":{"@id":"https:\/\/alness.expertmedia.be\/#\/schema\/logo\/image\/"}}]}},"_links":{"self":[{"href":"https:\/\/alness.expertmedia.be\/fr\/wp-json\/wp\/v2\/pages\/12559","targetHints":{"allow":["GET"]}}],"collection":[{"href":"https:\/\/alness.expertmedia.be\/fr\/wp-json\/wp\/v2\/pages"}],"about":[{"href":"https:\/\/alness.expertmedia.be\/fr\/wp-json\/wp\/v2\/types\/page"}],"author":[{"embeddable":true,"href":"https:\/\/alness.expertmedia.be\/fr\/wp-json\/wp\/v2\/users\/4"}],"replies":[{"embeddable":true,"href":"https:\/\/alness.expertmedia.be\/fr\/wp-json\/wp\/v2\/comments?post=12559"}],"version-history":[{"count":0,"href":"https:\/\/alness.expertmedia.be\/fr\/wp-json\/wp\/v2\/pages\/12559\/revisions"}],"wp:attachment":[{"href":"https:\/\/alness.expertmedia.be\/fr\/wp-json\/wp\/v2\/media?parent=12559"}],"curies":[{"name":"wp","href":"https:\/\/api.w.org\/{rel}","templated":true}]}}